{"id":1448,"date":"2024-08-17T12:07:52","date_gmt":"2024-08-17T12:07:52","guid":{"rendered":"https:\/\/cruhotel.eu\/?page_id=1448"},"modified":"2025-11-27T07:42:43","modified_gmt":"2025-11-27T07:42:43","slug":"de-luxe-huone","status":"publish","type":"page","link":"https:\/\/cruhotel.eu\/fi\/de-luxe-huone\/","title":{"rendered":"De Luxe huone"},"content":{"rendered":"\n<div class=\"wp-block-cover alignfull has-custom-content-position is-position-bottom-center\" style=\"min-height:300px;aspect-ratio:unset;\"><img loading=\"lazy\" decoding=\"async\" width=\"2560\" height=\"1707\" class=\"wp-block-cover__image-background wp-image-1452\" alt=\"Cru Hotelli Tallinna De Luxe huone, executive \" src=\"https:\/\/cruhotel.eu\/wp-content\/uploads\/2024\/08\/616A7791-scaled.jpg\" data-object-fit=\"cover\" srcset=\"https:\/\/cruhotel.eu\/wp-content\/uploads\/2024\/08\/616A7791-scaled.jpg 2560w, https:\/\/cruhotel.eu\/wp-content\/uploads\/2024\/08\/616A7791-300x200.jpg 300w, https:\/\/cruhotel.eu\/wp-content\/uploads\/2024\/08\/616A7791-1024x683.jpg 1024w, https:\/\/cruhotel.eu\/wp-content\/uploads\/2024\/08\/616A7791-768x512.jpg 768w, https:\/\/cruhotel.eu\/wp-content\/uploads\/2024\/08\/616A7791-1536x1024.jpg 1536w, https:\/\/cruhotel.eu\/wp-content\/uploads\/2024\/08\/616A7791-2048x1365.jpg 2048w\" sizes=\"auto, (max-width: 2560px) 100vw, 2560px\" \/><span aria-hidden=\"true\" class=\"wp-block-cover__background has-background-dim-20 has-background-dim\" style=\"background-color:#e84124\"><\/span><div class=\"wp-block-cover__inner-container is-layout-flow wp-block-cover-is-layout-flow\">\n<h1 class=\"wp-block-heading has-text-align-center has-white-color has-text-color\" id=\"huoneet\">De Luxe huone<\/h1>\n<\/div><\/div>\n\n\n\n<div class=\"wp-block-columns alignwide has-background is-layout-flex wp-container-core-columns-is-layout-9d6595d7 wp-block-columns-is-layout-flex\" style=\"background-color:#e2e2e2\">\n<div class=\"wp-block-column is-layout-flow wp-block-column-is-layout-flow\">\n<div class=\"wp-block-columns is-layout-flex wp-container-core-columns-is-layout-9d6595d7 wp-block-columns-is-layout-flex\">\n<div class=\"wp-block-column is-layout-flow wp-block-column-is-layout-flow\">\n<p>Hotellissa on 15 huonetta, jotka kaikki ovat erilaisia ja alkuper\u00e4isi\u00e4.Ainutlaatuinen arkkitehtuuri mahdollistaa upean tunnelman riippumatta miss\u00e4 huoneessa asutte. <\/p>\n\n\n\n<p> Monet huoneista antavat rauhalliselle sis\u00e4pihalle ja kaikki suitet Vanhaan kaupunkiin viev\u00e4lle kadulle. Hotellin l\u00e4heisyydess\u00e4 ei ole meluisia baareja, jotka voisivat h\u00e4irit\u00e4 vieraitamme.<\/p>\n<\/div>\n\n\n\n<div class=\"wp-block-column is-layout-flow wp-block-column-is-layout-flow\">\n<p>Hotellihuoneiden suunnittelu perustuu tekij\u00f6ihin, jotka ovat yli 600 vuotta vanhoja.Mahdollisuus koskettaa kalkkikiviseini\u00e4 ja puupalkkeja, jotka ovat kest\u00e4neet vuosisatoja luovat ainutlaatuisen ilmapiirin ja avaavat ovet menneisyyteen.<\/p>\n\n\n\n<p>Kulttuuriperinn\u00f6n lis\u00e4ksi meill\u00e4 on kaikissa huoneissa hyv\u00e4t kylpyhuoneet, taulutelevisiot, Internet-yhteydet, minibaarit joissa erinomainen valikoima tavanomaisten juomien lis\u00e4ksi huolellisesti valittuja erikoisuuksia.<\/p>\n<\/div>\n<\/div>\n\n\n\n<div class=\"wp-block-buttons alignwide is-horizontal is-content-justification-center is-layout-flex wp-container-core-buttons-is-layout-499968f5 wp-block-buttons-is-layout-flex\"><div class=\"wp-block-button-wrapper\">\n<div class=\"wp-block-button is-style-fill\"><a class=\"wp-block-button__link has-white-color has-text-color has-background wp-element-button\" href=\"https:\/\/cruhotel.eu\/bookings\/\" style=\"background-color:#e84124\" target=\"_blank\" rel=\"noreferrer noopener\">Varaa huone<\/a><\/div>\n<\/div><\/div>\n<\/div>\n<\/div>\n\n\n\n<div class=\"wp-block-media-text alignfull has-media-on-the-right is-stacked-on-mobile\"><div class=\"wp-block-media-text__content\">\n<h2 class=\"wp-block-heading\" id=\"sviiti\">De Luxe huone nr 3<\/h2>\n\n\n\n<p>Delux-huoneet ovat tilavia, ja niiss\u00e4 on iso 180 cm vuode tai kaksi 90 cm vuodetta ja sohva. Huonekoko on 26 m2. Huoneessa nr 3 on kylpyamme.<\/p>\n\n\n\n<h3 class=\"wp-block-heading\" id=\"sviitissa-on\">Double Deluxe huoneessa on:<\/h3>\n\n\n\n<div class=\"wp-block-columns is-layout-flex wp-container-core-columns-is-layout-9d6595d7 wp-block-columns-is-layout-flex\">\n<div class=\"wp-block-column is-layout-flow wp-block-column-is-layout-flow\">\n<ul class=\"wp-block-list\">\n<li>Yksi iso vuode tai kaksi erillist\u00e4 vuodetta<\/li>\n\n\n\n<li>Sohva tai sohvavuode<\/li>\n\n\n\n<li>Ilmainen WI-FI<\/li>\n\n\n\n<li>Tallelokero<\/li>\n\n\n\n<li>Kylpyamme<\/li>\n\n\n\n<li>Kylpytakki<\/li>\n\n\n\n<li>Aamutossut<\/li>\n<\/ul>\n<\/div>\n\n\n\n<div class=\"wp-block-column is-layout-flow wp-block-column-is-layout-flow\">\n<p><\/p>\n\n\n\n<ul class=\"wp-block-list\">\n<li>Hiustenkuivaaja<\/li>\n\n\n\n<li>KaapeliTV<\/li>\n\n\n\n<li>Ilmastointi<\/li>\n<\/ul>\n<\/div>\n<\/div>\n<\/div><figure class=\"wp-block-media-text__media\"><img loading=\"lazy\" decoding=\"async\" width=\"1024\" height=\"683\" src=\"https:\/\/cruhotel.eu\/wp-content\/uploads\/2024\/08\/616A9969-1a-1024x683.jpg\" alt=\"Cru Hotel Tallinn, Viro De Luxe huone # 3\" class=\"wp-image-1456 size-full\" srcset=\"https:\/\/cruhotel.eu\/wp-content\/uploads\/2024\/08\/616A9969-1a-1024x683.jpg 1024w, https:\/\/cruhotel.eu\/wp-content\/uploads\/2024\/08\/616A9969-1a-300x200.jpg 300w, https:\/\/cruhotel.eu\/wp-content\/uploads\/2024\/08\/616A9969-1a-768x512.jpg 768w, https:\/\/cruhotel.eu\/wp-content\/uploads\/2024\/08\/616A9969-1a-1536x1024.jpg 1536w, https:\/\/cruhotel.eu\/wp-content\/uploads\/2024\/08\/616A9969-1a-2048x1365.jpg 2048w\" sizes=\"auto, (max-width: 1024px) 100vw, 1024px\" \/><\/figure><\/div>\n\n\n\n<div class=\"wp-block-media-text alignfull is-stacked-on-mobile\"><figure class=\"wp-block-media-text__media\"><img loading=\"lazy\" decoding=\"async\" width=\"1024\" height=\"683\" src=\"https:\/\/cruhotel.eu\/wp-content\/uploads\/2024\/09\/616A7745-1-1024x683.jpg\" alt=\"Cru Hotel Tallinn, Viro De Luxe huone # 4\" class=\"wp-image-1636 size-full\" srcset=\"https:\/\/cruhotel.eu\/wp-content\/uploads\/2024\/09\/616A7745-1-1024x683.jpg 1024w, https:\/\/cruhotel.eu\/wp-content\/uploads\/2024\/09\/616A7745-1-300x200.jpg 300w, https:\/\/cruhotel.eu\/wp-content\/uploads\/2024\/09\/616A7745-1-768x512.jpg 768w, https:\/\/cruhotel.eu\/wp-content\/uploads\/2024\/09\/616A7745-1-1536x1024.jpg 1536w, https:\/\/cruhotel.eu\/wp-content\/uploads\/2024\/09\/616A7745-1-2048x1365.jpg 2048w\" sizes=\"auto, (max-width: 1024px) 100vw, 1024px\" \/><\/figure><div class=\"wp-block-media-text__content\">\n<h2 class=\"wp-block-heading\" id=\"double-deluxe-huone\">De Luxe huone nr 4<\/h2>\n\n\n\n<p>Delux-huoneet ovat tilavia, ja niiss\u00e4 on iso 180 cm vuode tai kaksi 90 cm vuodetta ja sohva. Huonekoko on 21 m2.<\/p>\n\n\n\n<h3 class=\"wp-block-heading\" id=\"double-deluxe-huoneessa-on\">Double Deluxe huoneessa on:<\/h3>\n\n\n\n<div class=\"wp-block-columns is-layout-flex wp-container-core-columns-is-layout-9d6595d7 wp-block-columns-is-layout-flex\">\n<div class=\"wp-block-column is-layout-flow wp-block-column-is-layout-flow\">\n<ul class=\"wp-block-list\">\n<li>Yksi iso vuode tai kaksi erillist\u00e4 vuodetta<\/li>\n\n\n\n<li>Sohva tai sohvavuode<\/li>\n\n\n\n<li>Ty\u00f6p\u00f6yt\u00e4<\/li>\n\n\n\n<li>Ilmainen WI-FI<\/li>\n<\/ul>\n<\/div>\n\n\n\n<div class=\"wp-block-column is-layout-flow wp-block-column-is-layout-flow\">\n<ul class=\"wp-block-list\">\n<li>Tallelokero<\/li>\n\n\n\n<li>Suihku<\/li>\n\n\n\n<li>Kylpytakki<\/li>\n\n\n\n<li>Aamutossut<\/li>\n\n\n\n<li>Hiustenkuivaaja<\/li>\n\n\n\n<li>KaapeliTV<\/li>\n<\/ul>\n<\/div>\n<\/div>\n<\/div><\/div>\n\n\n\n<div class=\"wp-block-media-text alignfull has-media-on-the-right is-stacked-on-mobile\"><div class=\"wp-block-media-text__content\">\n<h2 class=\"wp-block-heading\" id=\"double-deluxe-huone\">De Luxe huone nr 9<\/h2>\n\n\n\n<p>Delux-huoneet ovat tilavia, ja niiss\u00e4 on iso 180 cm vuode tai kaksi 90 cm vuodetta ja sohva. Huonekoko on 33 m2.<\/p>\n\n\n\n<h3 class=\"wp-block-heading\" id=\"double-deluxe-huoneessa-on\">Double Deluxe huoneessa on:<\/h3>\n\n\n\n<div class=\"wp-block-columns is-layout-flex wp-container-core-columns-is-layout-9d6595d7 wp-block-columns-is-layout-flex\">\n<div class=\"wp-block-column is-layout-flow wp-block-column-is-layout-flow\">\n<ul class=\"wp-block-list\">\n<li>Yksi iso vuode tai kaksi erillist\u00e4 vuodetta<\/li>\n\n\n\n<li>Sohva tai sohvavuode<\/li>\n\n\n\n<li>Ty\u00f6p\u00f6yt\u00e4<\/li>\n\n\n\n<li>Ilmainen WI-FI<\/li>\n\n\n\n<li>Ilmastointi<\/li>\n<\/ul>\n<\/div>\n\n\n\n<div class=\"wp-block-column is-layout-flow wp-block-column-is-layout-flow\">\n<ul class=\"wp-block-list\">\n<li>Tallelokero<\/li>\n\n\n\n<li>Suihku<\/li>\n\n\n\n<li>Kylpytakki<\/li>\n\n\n\n<li>Aamutossut<\/li>\n\n\n\n<li>Hiustenkuivaaja<\/li>\n\n\n\n<li>KaapeliTV<\/li>\n<\/ul>\n<\/div>\n<\/div>\n<\/div><figure class=\"wp-block-media-text__media\"><img loading=\"lazy\" decoding=\"async\" width=\"1024\" height=\"683\" src=\"https:\/\/cruhotel.eu\/wp-content\/uploads\/2024\/09\/616A9910-2-1024x683.jpg\" alt=\"Cru Hotel Tallinn, Viro De Luxe huone # 9\" class=\"wp-image-1642 size-full\" srcset=\"https:\/\/cruhotel.eu\/wp-content\/uploads\/2024\/09\/616A9910-2-1024x683.jpg 1024w, https:\/\/cruhotel.eu\/wp-content\/uploads\/2024\/09\/616A9910-2-300x200.jpg 300w, https:\/\/cruhotel.eu\/wp-content\/uploads\/2024\/09\/616A9910-2-768x512.jpg 768w, https:\/\/cruhotel.eu\/wp-content\/uploads\/2024\/09\/616A9910-2-1536x1024.jpg 1536w, https:\/\/cruhotel.eu\/wp-content\/uploads\/2024\/09\/616A9910-2-2048x1365.jpg 2048w\" sizes=\"auto, (max-width: 1024px) 100vw, 1024px\" \/><\/figure><\/div>\n\n\n\n<div class=\"wp-block-media-text alignfull is-stacked-on-mobile\"><figure class=\"wp-block-media-text__media\"><img loading=\"lazy\" decoding=\"async\" width=\"1024\" height=\"683\" src=\"https:\/\/cruhotel.eu\/wp-content\/uploads\/2024\/10\/616A9993-1-1024x683.jpg\" alt=\"De luxe huone Cru hotelli Tallinna vanhakaupunki. Huone # 10\" class=\"wp-image-1751 size-full\" srcset=\"https:\/\/cruhotel.eu\/wp-content\/uploads\/2024\/10\/616A9993-1-1024x683.jpg 1024w, https:\/\/cruhotel.eu\/wp-content\/uploads\/2024\/10\/616A9993-1-300x200.jpg 300w, https:\/\/cruhotel.eu\/wp-content\/uploads\/2024\/10\/616A9993-1-768x512.jpg 768w, https:\/\/cruhotel.eu\/wp-content\/uploads\/2024\/10\/616A9993-1-1536x1024.jpg 1536w, https:\/\/cruhotel.eu\/wp-content\/uploads\/2024\/10\/616A9993-1-2048x1365.jpg 2048w\" sizes=\"auto, (max-width: 1024px) 100vw, 1024px\" \/><\/figure><div class=\"wp-block-media-text__content\">\n<h2 class=\"wp-block-heading\" id=\"double-deluxe-huone\">De Luxe huone nr 10<\/h2>\n\n\n\n<p>Delux-huoneet ovat tilavia, ja niiss\u00e4 on iso 180 cm vuode tai kaksi 90 cm vuodetta ja sohva. Huonekoko on 22 m2.<\/p>\n\n\n\n<h3 class=\"wp-block-heading\" id=\"double-deluxe-huoneessa-on\">Double Deluxe huoneessa on:<\/h3>\n\n\n\n<div class=\"wp-block-columns is-layout-flex wp-container-core-columns-is-layout-9d6595d7 wp-block-columns-is-layout-flex\">\n<div class=\"wp-block-column is-layout-flow wp-block-column-is-layout-flow\">\n<ul class=\"wp-block-list\">\n<li>Yksi iso vuode tai kaksi erillist\u00e4 vuodetta<\/li>\n\n\n\n<li>Sohva tai sohvavuode<\/li>\n\n\n\n<li>Ty\u00f6p\u00f6yt\u00e4<\/li>\n\n\n\n<li>Ilmainen WI-FI<\/li>\n\n\n\n<li>Ilmastointi<\/li>\n<\/ul>\n<\/div>\n\n\n\n<div class=\"wp-block-column is-layout-flow wp-block-column-is-layout-flow\">\n<ul class=\"wp-block-list\">\n<li>Tallelokero<\/li>\n\n\n\n<li>Suihku<\/li>\n\n\n\n<li>Kylpytakki<\/li>\n\n\n\n<li>Aamutossut<\/li>\n\n\n\n<li>Hiustenkuivaaja<\/li>\n\n\n\n<li>KaapeliTV<\/li>\n<\/ul>\n<\/div>\n<\/div>\n<\/div><\/div>\n\n\n\n<div class=\"wp-block-media-text alignfull has-media-on-the-right is-stacked-on-mobile\"><div class=\"wp-block-media-text__content\">\n<h2 class=\"wp-block-heading\" id=\"double-deluxe-huone\">De Luxe huone nr 14<\/h2>\n\n\n\n<p>Delux-huoneet ovat tilavia, ja niiss\u00e4 on iso 180 cm vuode tai kaksi 90 cm vuodetta ja sohva. Huonekoko on 23 m2.<\/p>\n\n\n\n<h3 class=\"wp-block-heading\" id=\"double-deluxe-huoneessa-on\">Double Deluxe huoneessa on:<\/h3>\n\n\n\n<div class=\"wp-block-columns is-layout-flex wp-container-core-columns-is-layout-9d6595d7 wp-block-columns-is-layout-flex\">\n<div class=\"wp-block-column is-layout-flow wp-block-column-is-layout-flow\">\n<ul class=\"wp-block-list\">\n<li>Yksi iso vuode tai kaksi erillist\u00e4 vuodetta<\/li>\n\n\n\n<li>Sohva tai sohvavuode<\/li>\n\n\n\n<li>Ty\u00f6p\u00f6yt\u00e4<\/li>\n\n\n\n<li>Ilmainen WI-FI<\/li>\n<\/ul>\n<\/div>\n\n\n\n<div class=\"wp-block-column is-layout-flow wp-block-column-is-layout-flow\">\n<ul class=\"wp-block-list\">\n<li>Tallelokero<\/li>\n\n\n\n<li>Suihku<\/li>\n\n\n\n<li>Kylpytakki<\/li>\n\n\n\n<li>Aamutossut<\/li>\n\n\n\n<li>Hiustenkuivaaja<\/li>\n\n\n\n<li>KaapeliTV<\/li>\n<\/ul>\n<\/div>\n<\/div>\n<\/div><figure class=\"wp-block-media-text__media\"><img loading=\"lazy\" decoding=\"async\" width=\"1024\" height=\"683\" src=\"https:\/\/cruhotel.eu\/wp-content\/uploads\/2024\/10\/616A9997-1-1024x683.jpg\" alt=\"De luxe huone Cru hotelli Tallinna vanhakaupunki. Huone # 14\" class=\"wp-image-1755 size-full\" srcset=\"https:\/\/cruhotel.eu\/wp-content\/uploads\/2024\/10\/616A9997-1-1024x683.jpg 1024w, https:\/\/cruhotel.eu\/wp-content\/uploads\/2024\/10\/616A9997-1-300x200.jpg 300w, https:\/\/cruhotel.eu\/wp-content\/uploads\/2024\/10\/616A9997-1-768x512.jpg 768w, https:\/\/cruhotel.eu\/wp-content\/uploads\/2024\/10\/616A9997-1-1536x1024.jpg 1536w, https:\/\/cruhotel.eu\/wp-content\/uploads\/2024\/10\/616A9997-1-2048x1365.jpg 2048w\" sizes=\"auto, (max-width: 1024px) 100vw, 1024px\" \/><\/figure><\/div>\n\n\n\n<div class=\"wp-block-media-text alignfull is-stacked-on-mobile\"><figure class=\"wp-block-media-text__media\"><img loading=\"lazy\" decoding=\"async\" width=\"1024\" height=\"683\" src=\"https:\/\/cruhotel.eu\/wp-content\/uploads\/2024\/10\/616A7795-1-1024x683.jpg\" alt=\"De luxe huone Cru hotelli Tallinna vanhakaupunki. Huone # 15\" class=\"wp-image-1759 size-full\" srcset=\"https:\/\/cruhotel.eu\/wp-content\/uploads\/2024\/10\/616A7795-1-1024x683.jpg 1024w, https:\/\/cruhotel.eu\/wp-content\/uploads\/2024\/10\/616A7795-1-300x200.jpg 300w, https:\/\/cruhotel.eu\/wp-content\/uploads\/2024\/10\/616A7795-1-768x512.jpg 768w, https:\/\/cruhotel.eu\/wp-content\/uploads\/2024\/10\/616A7795-1-1536x1024.jpg 1536w, https:\/\/cruhotel.eu\/wp-content\/uploads\/2024\/10\/616A7795-1-2048x1365.jpg 2048w\" sizes=\"auto, (max-width: 1024px) 100vw, 1024px\" \/><\/figure><div class=\"wp-block-media-text__content\">\n<h2 class=\"wp-block-heading\" id=\"double-deluxe-huone\">De Luxe huone nr 15<\/h2>\n\n\n\n<p>Delux-huoneet ovat tilavia, ja niiss\u00e4 on iso 180 cm vuode tai kaksi 90 cm vuodetta ja sohva. Huonekoko on 23 m2.<\/p>\n\n\n\n<h3 class=\"wp-block-heading\" id=\"double-deluxe-huoneessa-on\">Double Deluxe huoneessa on:<\/h3>\n\n\n\n<div class=\"wp-block-columns is-layout-flex wp-container-core-columns-is-layout-9d6595d7 wp-block-columns-is-layout-flex\">\n<div class=\"wp-block-column is-layout-flow wp-block-column-is-layout-flow\">\n<ul class=\"wp-block-list\">\n<li>Yksi iso vuode tai kaksi erillist\u00e4 vuodetta<\/li>\n\n\n\n<li>Sohva tai sohvavuode<\/li>\n\n\n\n<li>Ty\u00f6p\u00f6yt\u00e4<\/li>\n\n\n\n<li>Ilmainen WI-FI<\/li>\n<\/ul>\n<\/div>\n\n\n\n<div class=\"wp-block-column is-layout-flow wp-block-column-is-layout-flow\">\n<ul class=\"wp-block-list\">\n<li>Tallelokero<\/li>\n\n\n\n<li>Suihku<\/li>\n\n\n\n<li>Kylpytakki<\/li>\n\n\n\n<li>Aamutossut<\/li>\n\n\n\n<li>Hiustenkuivaaja<\/li>\n\n\n\n<li>KaapeliTV<\/li>\n<\/ul>\n<\/div>\n<\/div>\n<\/div><\/div>\n","protected":false},"excerpt":{"rendered":"<p>Hotellissa on 15 huonetta, jotka kaikki ovat erilaisia ja alkuper\u00e4isi\u00e4.Ainutlaatuinen arkkitehtuuri mahdollistaa upean tunnelman riippumatta miss\u00e4 huoneessa asutte. Monet huoneista antavat rauhalliselle sis\u00e4pihalle ja kaikki suitet Vanhaan kaupunkiin viev\u00e4lle kadulle. Hotellin l\u00e4heisyydess\u00e4 ei ole meluisia baareja, jotka voisivat h\u00e4irit\u00e4 vieraitamme. Hotellihuoneiden suunnittelu perustuu tekij\u00f6ihin, jotka ovat yli 600 vuotta vanhoja.Mahdollisuus koskettaa kalkkikiviseini\u00e4 ja puupalkkeja, jotka [&hellip;]<\/p>\n","protected":false},"author":6,"featured_media":0,"parent":0,"menu_order":0,"comment_status":"closed","ping_status":"closed","template":"","meta":{"footnotes":""},"class_list":["post-1448","page","type-page","status-publish","hentry"],"yoast_head":"<!-- This site is optimized with the Yoast SEO plugin v26.0 - https:\/\/yoast.com\/wordpress\/plugins\/seo\/ -->\n<title>De Luxe huone - CRU Hotelli<\/title>\n<meta name=\"description\" content=\"Cru Hotelli Talllinna huoneet. Tilava kolmen tai neljan hengen huone perhelle. Standard huonee, Deluxe huone, sviiti.\" \/>\n<meta name=\"robots\" content=\"index, follow, max-snippet:-1, max-image-preview:large, max-video-preview:-1\" \/>\n<link rel=\"canonical\" href=\"https:\/\/cruhotel.eu\/fi\/de-luxe-huone\/\" \/>\n<meta property=\"og:locale\" content=\"fi_FI\" \/>\n<meta property=\"og:type\" content=\"article\" \/>\n<meta property=\"og:title\" content=\"De Luxe huone - CRU Hotelli\" \/>\n<meta property=\"og:description\" content=\"Cru Hotelli Talllinna huoneet. Tilava kolmen tai neljan hengen huone perhelle. Standard huonee, Deluxe huone, sviiti.\" \/>\n<meta property=\"og:url\" content=\"https:\/\/cruhotel.eu\/fi\/de-luxe-huone\/\" \/>\n<meta property=\"og:site_name\" content=\"CRU Hotelli\" \/>\n<meta property=\"article:publisher\" content=\"https:\/\/www.facebook.com\/Hotel-CRU-100404565031582\" \/>\n<meta property=\"article:modified_time\" content=\"2025-11-27T07:42:43+00:00\" \/>\n<meta property=\"og:image\" content=\"https:\/\/cruhotel.eu\/wp-content\/uploads\/2024\/08\/616A7791-scaled.jpg\" \/>\n\t<meta property=\"og:image:width\" content=\"2560\" \/>\n\t<meta property=\"og:image:height\" content=\"1707\" \/>\n\t<meta property=\"og:image:type\" content=\"image\/jpeg\" \/>\n<meta name=\"twitter:card\" content=\"summary_large_image\" \/>\n<meta name=\"twitter:label1\" content=\"Arvioitu lukuaika\" \/>\n\t<meta name=\"twitter:data1\" content=\"3 minuuttia\" \/>\n<script type=\"application\/ld+json\" class=\"yoast-schema-graph\">{\"@context\":\"https:\/\/schema.org\",\"@graph\":[{\"@type\":\"WebPage\",\"@id\":\"https:\/\/cruhotel.eu\/fi\/de-luxe-huone\/\",\"url\":\"https:\/\/cruhotel.eu\/fi\/de-luxe-huone\/\",\"name\":\"De Luxe huone - CRU Hotelli\",\"isPartOf\":{\"@id\":\"https:\/\/cruhotel.eu\/#website\"},\"primaryImageOfPage\":{\"@id\":\"https:\/\/cruhotel.eu\/fi\/de-luxe-huone\/#primaryimage\"},\"image\":{\"@id\":\"https:\/\/cruhotel.eu\/fi\/de-luxe-huone\/#primaryimage\"},\"thumbnailUrl\":\"https:\/\/cruhotel.eu\/wp-content\/uploads\/2024\/08\/616A7791-scaled.jpg\",\"datePublished\":\"2024-08-17T12:07:52+00:00\",\"dateModified\":\"2025-11-27T07:42:43+00:00\",\"description\":\"Cru Hotelli Talllinna huoneet. Tilava kolmen tai neljan hengen huone perhelle. Standard huonee, Deluxe huone, sviiti.\",\"breadcrumb\":{\"@id\":\"https:\/\/cruhotel.eu\/fi\/de-luxe-huone\/#breadcrumb\"},\"inLanguage\":\"fi\",\"potentialAction\":[{\"@type\":\"ReadAction\",\"target\":[\"https:\/\/cruhotel.eu\/fi\/de-luxe-huone\/\"]}]},{\"@type\":\"ImageObject\",\"inLanguage\":\"fi\",\"@id\":\"https:\/\/cruhotel.eu\/fi\/de-luxe-huone\/#primaryimage\",\"url\":\"https:\/\/cruhotel.eu\/wp-content\/uploads\/2024\/08\/616A7791-scaled.jpg\",\"contentUrl\":\"https:\/\/cruhotel.eu\/wp-content\/uploads\/2024\/08\/616A7791-scaled.jpg\"},{\"@type\":\"BreadcrumbList\",\"@id\":\"https:\/\/cruhotel.eu\/fi\/de-luxe-huone\/#breadcrumb\",\"itemListElement\":[{\"@type\":\"ListItem\",\"position\":1,\"name\":\"Home\",\"item\":\"https:\/\/cruhotel.eu\/fi\/\"},{\"@type\":\"ListItem\",\"position\":2,\"name\":\"De Luxe huone\"}]},{\"@type\":\"WebSite\",\"@id\":\"https:\/\/cruhotel.eu\/#website\",\"url\":\"https:\/\/cruhotel.eu\/\",\"name\":\"CRU Hotelli\",\"description\":\"J\u00e4rjekordne WordPressi veebileht\",\"potentialAction\":[{\"@type\":\"SearchAction\",\"target\":{\"@type\":\"EntryPoint\",\"urlTemplate\":\"https:\/\/cruhotel.eu\/?s={search_term_string}\"},\"query-input\":{\"@type\":\"PropertyValueSpecification\",\"valueRequired\":true,\"valueName\":\"search_term_string\"}}],\"inLanguage\":\"fi\"}]}<\/script>\n<!-- \/ Yoast SEO plugin. -->","yoast_head_json":{"title":"De Luxe huone - CRU Hotelli","description":"Cru Hotelli Talllinna huoneet. Tilava kolmen tai neljan hengen huone perhelle. Standard huonee, Deluxe huone, sviiti.","robots":{"index":"index","follow":"follow","max-snippet":"max-snippet:-1","max-image-preview":"max-image-preview:large","max-video-preview":"max-video-preview:-1"},"canonical":"https:\/\/cruhotel.eu\/fi\/de-luxe-huone\/","og_locale":"fi_FI","og_type":"article","og_title":"De Luxe huone - CRU Hotelli","og_description":"Cru Hotelli Talllinna huoneet. Tilava kolmen tai neljan hengen huone perhelle. Standard huonee, Deluxe huone, sviiti.","og_url":"https:\/\/cruhotel.eu\/fi\/de-luxe-huone\/","og_site_name":"CRU Hotelli","article_publisher":"https:\/\/www.facebook.com\/Hotel-CRU-100404565031582","article_modified_time":"2025-11-27T07:42:43+00:00","og_image":[{"width":2560,"height":1707,"url":"https:\/\/cruhotel.eu\/wp-content\/uploads\/2024\/08\/616A7791-scaled.jpg","type":"image\/jpeg"}],"twitter_card":"summary_large_image","twitter_misc":{"Arvioitu lukuaika":"3 minuuttia"},"schema":{"@context":"https:\/\/schema.org","@graph":[{"@type":"WebPage","@id":"https:\/\/cruhotel.eu\/fi\/de-luxe-huone\/","url":"https:\/\/cruhotel.eu\/fi\/de-luxe-huone\/","name":"De Luxe huone - CRU Hotelli","isPartOf":{"@id":"https:\/\/cruhotel.eu\/#website"},"primaryImageOfPage":{"@id":"https:\/\/cruhotel.eu\/fi\/de-luxe-huone\/#primaryimage"},"image":{"@id":"https:\/\/cruhotel.eu\/fi\/de-luxe-huone\/#primaryimage"},"thumbnailUrl":"https:\/\/cruhotel.eu\/wp-content\/uploads\/2024\/08\/616A7791-scaled.jpg","datePublished":"2024-08-17T12:07:52+00:00","dateModified":"2025-11-27T07:42:43+00:00","description":"Cru Hotelli Talllinna huoneet. Tilava kolmen tai neljan hengen huone perhelle. Standard huonee, Deluxe huone, sviiti.","breadcrumb":{"@id":"https:\/\/cruhotel.eu\/fi\/de-luxe-huone\/#breadcrumb"},"inLanguage":"fi","potentialAction":[{"@type":"ReadAction","target":["https:\/\/cruhotel.eu\/fi\/de-luxe-huone\/"]}]},{"@type":"ImageObject","inLanguage":"fi","@id":"https:\/\/cruhotel.eu\/fi\/de-luxe-huone\/#primaryimage","url":"https:\/\/cruhotel.eu\/wp-content\/uploads\/2024\/08\/616A7791-scaled.jpg","contentUrl":"https:\/\/cruhotel.eu\/wp-content\/uploads\/2024\/08\/616A7791-scaled.jpg"},{"@type":"BreadcrumbList","@id":"https:\/\/cruhotel.eu\/fi\/de-luxe-huone\/#breadcrumb","itemListElement":[{"@type":"ListItem","position":1,"name":"Home","item":"https:\/\/cruhotel.eu\/fi\/"},{"@type":"ListItem","position":2,"name":"De Luxe huone"}]},{"@type":"WebSite","@id":"https:\/\/cruhotel.eu\/#website","url":"https:\/\/cruhotel.eu\/","name":"CRU Hotelli","description":"J\u00e4rjekordne WordPressi veebileht","potentialAction":[{"@type":"SearchAction","target":{"@type":"EntryPoint","urlTemplate":"https:\/\/cruhotel.eu\/?s={search_term_string}"},"query-input":{"@type":"PropertyValueSpecification","valueRequired":true,"valueName":"search_term_string"}}],"inLanguage":"fi"}]}},"_links":{"self":[{"href":"https:\/\/cruhotel.eu\/fi\/wp-json\/wp\/v2\/pages\/1448","targetHints":{"allow":["GET"]}}],"collection":[{"href":"https:\/\/cruhotel.eu\/fi\/wp-json\/wp\/v2\/pages"}],"about":[{"href":"https:\/\/cruhotel.eu\/fi\/wp-json\/wp\/v2\/types\/page"}],"author":[{"embeddable":true,"href":"https:\/\/cruhotel.eu\/fi\/wp-json\/wp\/v2\/users\/6"}],"replies":[{"embeddable":true,"href":"https:\/\/cruhotel.eu\/fi\/wp-json\/wp\/v2\/comments?post=1448"}],"version-history":[{"count":7,"href":"https:\/\/cruhotel.eu\/fi\/wp-json\/wp\/v2\/pages\/1448\/revisions"}],"predecessor-version":[{"id":1897,"href":"https:\/\/cruhotel.eu\/fi\/wp-json\/wp\/v2\/pages\/1448\/revisions\/1897"}],"wp:attachment":[{"href":"https:\/\/cruhotel.eu\/fi\/wp-json\/wp\/v2\/media?parent=1448"}],"curies":[{"name":"wp","href":"https:\/\/api.w.org\/{rel}","templated":true}]}}