{"id":437,"date":"2021-08-05T11:10:49","date_gmt":"2021-08-05T11:10:49","guid":{"rendered":"https:\/\/cruhotel.eu\/toad\/"},"modified":"2025-11-27T07:38:35","modified_gmt":"2025-11-27T07:38:35","slug":"huoneet","status":"publish","type":"page","link":"https:\/\/cruhotel.eu\/fi\/huoneet\/","title":{"rendered":"Huoneet"},"content":{"rendered":"\n<div class=\"wp-block-cover alignfull is-light has-custom-content-position is-position-bottom-center\" style=\"min-height:300px;aspect-ratio:unset;\"><img loading=\"lazy\" decoding=\"async\" width=\"2133\" height=\"1600\" class=\"wp-block-cover__image-background wp-image-53\" alt=\"\" src=\"https:\/\/cruhotel.eu\/wp-content\/uploads\/2021\/08\/reception-Cru-hotel-Tallinn.jpg\" style=\"object-position:35% 91%\" data-object-fit=\"cover\" data-object-position=\"35% 91%\" srcset=\"https:\/\/cruhotel.eu\/wp-content\/uploads\/2021\/08\/reception-Cru-hotel-Tallinn.jpg 2133w, https:\/\/cruhotel.eu\/wp-content\/uploads\/2021\/08\/reception-Cru-hotel-Tallinn-300x225.jpg 300w, https:\/\/cruhotel.eu\/wp-content\/uploads\/2021\/08\/reception-Cru-hotel-Tallinn-1024x768.jpg 1024w, https:\/\/cruhotel.eu\/wp-content\/uploads\/2021\/08\/reception-Cru-hotel-Tallinn-768x576.jpg 768w, https:\/\/cruhotel.eu\/wp-content\/uploads\/2021\/08\/reception-Cru-hotel-Tallinn-1536x1152.jpg 1536w, https:\/\/cruhotel.eu\/wp-content\/uploads\/2021\/08\/reception-Cru-hotel-Tallinn-2048x1536.jpg 2048w\" sizes=\"auto, (max-width: 2133px) 100vw, 2133px\" \/><span aria-hidden=\"true\" class=\"wp-block-cover__background has-background-dim-20 has-background-dim\" style=\"background-color:#e84124\"><\/span><div class=\"wp-block-cover__inner-container is-layout-flow wp-block-cover-is-layout-flow\">\n<h1 class=\"wp-block-heading has-text-align-center has-white-color has-text-color\" id=\"huoneet\">Huoneet<\/h1>\n<\/div><\/div>\n\n\n\n<div class=\"wp-block-columns alignwide has-background is-layout-flex wp-container-core-columns-is-layout-9d6595d7 wp-block-columns-is-layout-flex\" style=\"background-color:#e2e2e2\">\n<div class=\"wp-block-column is-layout-flow wp-block-column-is-layout-flow\">\n<div class=\"wp-block-columns is-layout-flex wp-container-core-columns-is-layout-9d6595d7 wp-block-columns-is-layout-flex\">\n<div class=\"wp-block-column is-layout-flow wp-block-column-is-layout-flow\">\n<p>Hotellissa on 15 huonetta, jotka kaikki ovat erilaisia ja alkuper\u00e4isi\u00e4.Ainutlaatuinen arkkitehtuuri mahdollistaa upean tunnelman riippumatta miss\u00e4 huoneessa asutte. <\/p>\n\n\n\n<p> Monet huoneista antavat rauhalliselle sis\u00e4pihalle ja kaikki suitet Vanhaan kaupunkiin viev\u00e4lle kadulle. Hotellin l\u00e4heisyydess\u00e4 ei ole meluisia baareja, jotka voisivat h\u00e4irit\u00e4 vieraitamme.<\/p>\n<\/div>\n\n\n\n<div class=\"wp-block-column is-layout-flow wp-block-column-is-layout-flow\">\n<p>Hotellihuoneiden suunnittelu perustuu tekij\u00f6ihin, jotka ovat yli 600 vuotta vanhoja.Mahdollisuus koskettaa kalkkikiviseini\u00e4 ja puupalkkeja, jotka ovat kest\u00e4neet vuosisatoja luovat ainutlaatuisen ilmapiirin ja avaavat ovet menneisyyteen.<\/p>\n\n\n\n<p>Kulttuuriperinn\u00f6n lis\u00e4ksi meill\u00e4 on kaikissa huoneissa hyv\u00e4t kylpyhuoneet, taulutelevisiot, Internet-yhteydet, minibaarit joissa erinomainen valikoima tavanomaisten juomien lis\u00e4ksi huolellisesti valittuja erikoisuuksia.<\/p>\n<\/div>\n<\/div>\n\n\n\n<div class=\"wp-block-buttons alignwide is-horizontal is-content-justification-center is-layout-flex wp-container-core-buttons-is-layout-499968f5 wp-block-buttons-is-layout-flex\"><div class=\"wp-block-button-wrapper\">\n<div class=\"wp-block-button is-style-fill\"><a class=\"wp-block-button__link has-white-color has-text-color has-background wp-element-button\" href=\"https:\/\/cruhotel.eu\/bookings\/\" style=\"background-color:#e84124\" target=\"_blank\" rel=\"noreferrer noopener\">Varaa huone<\/a><\/div>\n<\/div><\/div>\n<\/div>\n<\/div>\n\n\n\n<div class=\"wp-block-media-text alignfull has-media-on-the-right is-stacked-on-mobile\"><div class=\"wp-block-media-text__content\">\n<h2 class=\"wp-block-heading\" id=\"sviiti\">SVIITI<\/h2>\n\n\n\n<p>Sviitist\u00e4 on n\u00e4k\u00f6ala Vanhan kaupungin p\u00e4\u00e4kadulle. Huoneet ovat tilavia ja niiden varustuksiin kuuluu yksi iso vuode (240 cm) tai kaksi erillist\u00e4 vuodetta (120cm), kylpyamme tai sauna.<\/p>\n\n\n\n<h3 class=\"wp-block-heading\" id=\"sviitissa-on\">Sviitiss\u00e4 on:<\/h3>\n\n\n\n<div class=\"wp-block-columns is-layout-flex wp-container-core-columns-is-layout-9d6595d7 wp-block-columns-is-layout-flex\">\n<div class=\"wp-block-column is-layout-flow wp-block-column-is-layout-flow\">\n<ul class=\"wp-block-list\">\n<li>Yksi iso vuode tai kaksi erillist\u00e4 vuodetta<\/li>\n\n\n\n<li>Sohva tai sohvavuode<\/li>\n\n\n\n<li>Ty\u00f6p\u00f6yt\u00e4<\/li>\n\n\n\n<li>Ilmainen WI-FI<\/li>\n\n\n\n<li>Puhelin<\/li>\n<\/ul>\n<\/div>\n\n\n\n<div class=\"wp-block-column is-layout-flow wp-block-column-is-layout-flow\">\n<ul class=\"wp-block-list\">\n<li>Tallelokero<\/li>\n\n\n\n<li>Suihku tai kylpyamme<\/li>\n\n\n\n<li>Kylpytakki<\/li>\n\n\n\n<li>Aamutossut<\/li>\n\n\n\n<li>Hiustenkuivaaja<\/li>\n\n\n\n<li>KaapeliTV<\/li>\n<\/ul>\n<\/div>\n<\/div>\n<\/div><figure class=\"wp-block-media-text__media\"><img loading=\"lazy\" decoding=\"async\" width=\"1024\" height=\"768\" src=\"https:\/\/cruhotel.eu\/wp-content\/uploads\/2021\/08\/Suite-hotell-Cru-Tallinn-1024x768.jpg\" alt=\"Sviit\" class=\"wp-image-38 size-full\" srcset=\"https:\/\/cruhotel.eu\/wp-content\/uploads\/2021\/08\/Suite-hotell-Cru-Tallinn-1024x768.jpg 1024w, https:\/\/cruhotel.eu\/wp-content\/uploads\/2021\/08\/Suite-hotell-Cru-Tallinn-300x225.jpg 300w, https:\/\/cruhotel.eu\/wp-content\/uploads\/2021\/08\/Suite-hotell-Cru-Tallinn-768x576.jpg 768w, https:\/\/cruhotel.eu\/wp-content\/uploads\/2021\/08\/Suite-hotell-Cru-Tallinn-1536x1152.jpg 1536w, https:\/\/cruhotel.eu\/wp-content\/uploads\/2021\/08\/Suite-hotell-Cru-Tallinn-2048x1536.jpg 2048w\" sizes=\"auto, (max-width: 1024px) 100vw, 1024px\" \/><\/figure><\/div>\n\n\n\n<div class=\"wp-block-media-text alignfull is-stacked-on-mobile\"><figure class=\"wp-block-media-text__media\"><img loading=\"lazy\" decoding=\"async\" width=\"1024\" height=\"768\" src=\"https:\/\/cruhotel.eu\/wp-content\/uploads\/2021\/08\/Double-Deluxe-Cru-Hotel-Tallinn-1024x768.jpg\" alt=\"\" class=\"wp-image-75 size-full\" srcset=\"https:\/\/cruhotel.eu\/wp-content\/uploads\/2021\/08\/Double-Deluxe-Cru-Hotel-Tallinn-1024x768.jpg 1024w, https:\/\/cruhotel.eu\/wp-content\/uploads\/2021\/08\/Double-Deluxe-Cru-Hotel-Tallinn-300x225.jpg 300w, https:\/\/cruhotel.eu\/wp-content\/uploads\/2021\/08\/Double-Deluxe-Cru-Hotel-Tallinn-768x576.jpg 768w, https:\/\/cruhotel.eu\/wp-content\/uploads\/2021\/08\/Double-Deluxe-Cru-Hotel-Tallinn-1536x1152.jpg 1536w, https:\/\/cruhotel.eu\/wp-content\/uploads\/2021\/08\/Double-Deluxe-Cru-Hotel-Tallinn-2048x1536.jpg 2048w\" sizes=\"auto, (max-width: 1024px) 100vw, 1024px\" \/><\/figure><div class=\"wp-block-media-text__content\">\n<h2 class=\"wp-block-heading\" id=\"double-deluxe-huone\">DOUBLE DELUXE HUONE<\/h2>\n\n\n\n<p>Delux-huoneet ovat tilavia, ja niiss\u00e4 on iso 180 cm vuode tai kaksi 90 cm vuodetta ja sohva. Huonekoko on 19,2 \u2013 30,2 m2.<\/p>\n\n\n\n<h3 class=\"wp-block-heading\" id=\"double-deluxe-huoneessa-on\">Double Deluxe huoneessa on:<\/h3>\n\n\n\n<div class=\"wp-block-columns is-layout-flex wp-container-core-columns-is-layout-9d6595d7 wp-block-columns-is-layout-flex\">\n<div class=\"wp-block-column is-layout-flow wp-block-column-is-layout-flow\">\n<ul class=\"wp-block-list\">\n<li>Yksi iso vuode tai kaksi erillist\u00e4 vuodetta<\/li>\n\n\n\n<li>Sohva tai sohvavuode<\/li>\n\n\n\n<li>Ty\u00f6p\u00f6yt\u00e4<\/li>\n\n\n\n<li>Ilmainen WI-FI<\/li>\n\n\n\n<li>Puhelin<\/li>\n<\/ul>\n<\/div>\n\n\n\n<div class=\"wp-block-column is-layout-flow wp-block-column-is-layout-flow\">\n<ul class=\"wp-block-list\">\n<li>Tallelokero<\/li>\n\n\n\n<li>Suihku tai kylpyamme<\/li>\n\n\n\n<li>Kylpytakki<\/li>\n\n\n\n<li>Aamutossut<\/li>\n\n\n\n<li>Hiustenkuivaaja<\/li>\n\n\n\n<li>KaapeliTV<\/li>\n<\/ul>\n<\/div>\n<\/div>\n<\/div><\/div>\n\n\n\n<div class=\"wp-block-media-text alignfull has-media-on-the-right is-stacked-on-mobile\"><div class=\"wp-block-media-text__content\">\n<h2 class=\"wp-block-heading\" id=\"standard-kahden-hengen-huone\">STANDARD KAHDEN HENGEN HUONE<\/h2>\n\n\n\n<p>Standard kahden hengen huoneen varustukseen kuuluu yksi iso vuode (180 cm) tai kaksi erillist\u00e4 vuodetta (2&#215;90 cm) ja huonekoko on 14,5-19 m2.<\/p>\n\n\n\n<h3 class=\"wp-block-heading\" id=\"standard-kahden-hengen-huoneessa-on\">Standard kahden hengen huoneessa on:<\/h3>\n\n\n\n<div class=\"wp-block-columns is-layout-flex wp-container-core-columns-is-layout-9d6595d7 wp-block-columns-is-layout-flex\">\n<div class=\"wp-block-column is-layout-flow wp-block-column-is-layout-flow\">\n<ul class=\"wp-block-list\">\n<li>Yksi iso vuode tai kaksi erillist\u00e4 vuodetta<\/li>\n\n\n\n<li>Ty\u00f6p\u00f6yt\u00e4<\/li>\n\n\n\n<li>Ilmainen WI-FI<\/li>\n\n\n\n<li>Puhelin<\/li>\n\n\n\n<li>KaapeliTV<\/li>\n<\/ul>\n<\/div>\n\n\n\n<div class=\"wp-block-column is-layout-flow wp-block-column-is-layout-flow\">\n<ul class=\"wp-block-list\">\n<li>Tallelokero<\/li>\n\n\n\n<li>Suihku<\/li>\n\n\n\n<li>Kylpytakki<\/li>\n\n\n\n<li>Aamutossut<\/li>\n\n\n\n<li>Hiustenkuivaaja<\/li>\n<\/ul>\n<\/div>\n<\/div>\n<\/div><figure class=\"wp-block-media-text__media\"><img loading=\"lazy\" decoding=\"async\" width=\"1024\" height=\"738\" src=\"https:\/\/cruhotel.eu\/wp-content\/uploads\/2021\/08\/Double-Standard-Cru-hotel-1024x738.jpg\" alt=\"\" class=\"wp-image-83 size-full\" srcset=\"https:\/\/cruhotel.eu\/wp-content\/uploads\/2021\/08\/Double-Standard-Cru-hotel-1024x738.jpg 1024w, https:\/\/cruhotel.eu\/wp-content\/uploads\/2021\/08\/Double-Standard-Cru-hotel-300x216.jpg 300w, https:\/\/cruhotel.eu\/wp-content\/uploads\/2021\/08\/Double-Standard-Cru-hotel-768x553.jpg 768w, https:\/\/cruhotel.eu\/wp-content\/uploads\/2021\/08\/Double-Standard-Cru-hotel-1536x1107.jpg 1536w, https:\/\/cruhotel.eu\/wp-content\/uploads\/2021\/08\/Double-Standard-Cru-hotel-2048x1475.jpg 2048w\" sizes=\"auto, (max-width: 1024px) 100vw, 1024px\" \/><\/figure><\/div>\n\n\n\n<div class=\"wp-block-media-text alignfull is-stacked-on-mobile\"><figure class=\"wp-block-media-text__media\"><img loading=\"lazy\" decoding=\"async\" width=\"1024\" height=\"721\" src=\"https:\/\/cruhotel.eu\/wp-content\/uploads\/2021\/08\/Single-Standard-Cru-Hotel_Tallinn-1024x721.jpg\" alt=\"\" class=\"wp-image-96 size-full\" srcset=\"https:\/\/cruhotel.eu\/wp-content\/uploads\/2021\/08\/Single-Standard-Cru-Hotel_Tallinn-1024x721.jpg 1024w, https:\/\/cruhotel.eu\/wp-content\/uploads\/2021\/08\/Single-Standard-Cru-Hotel_Tallinn-300x211.jpg 300w, https:\/\/cruhotel.eu\/wp-content\/uploads\/2021\/08\/Single-Standard-Cru-Hotel_Tallinn-768x541.jpg 768w, https:\/\/cruhotel.eu\/wp-content\/uploads\/2021\/08\/Single-Standard-Cru-Hotel_Tallinn-1536x1082.jpg 1536w, https:\/\/cruhotel.eu\/wp-content\/uploads\/2021\/08\/Single-Standard-Cru-Hotel_Tallinn-2048x1443.jpg 2048w\" sizes=\"auto, (max-width: 1024px) 100vw, 1024px\" \/><\/figure><div class=\"wp-block-media-text__content\">\n<h2 class=\"wp-block-heading\" id=\"standard-yhden-hengen-huone\">STANDARD YHDEN HENGEN HUONE<\/h2>\n\n\n\n<p>Standard yhden hengen huoneissa on isot vuoteet 140 cm ja huonekoko on 10 \u2013 15 m2.<\/p>\n\n\n\n<h3 class=\"wp-block-heading\" id=\"standard-yhden-hengen-huoneessa-on\">Standard yhden hengen huoneessa on:<\/h3>\n\n\n\n<div class=\"wp-block-columns is-layout-flex wp-container-core-columns-is-layout-9d6595d7 wp-block-columns-is-layout-flex\">\n<div class=\"wp-block-column is-layout-flow wp-block-column-is-layout-flow\">\n<ul class=\"wp-block-list\">\n<li>Yksi iso vuode 140 cm<\/li>\n\n\n\n<li>Puhelin<\/li>\n\n\n\n<li>KaapeliTV<\/li>\n\n\n\n<li>Ilmainen WI-FI<\/li>\n\n\n\n<li>Tallelokero<\/li>\n<\/ul>\n<\/div>\n\n\n\n<div class=\"wp-block-column is-layout-flow wp-block-column-is-layout-flow\">\n<ul class=\"wp-block-list\">\n<li>Kylpytakki<\/li>\n\n\n\n<li>Aamutossut<\/li>\n\n\n\n<li>Hiustenkuivaaja<\/li>\n\n\n\n<li>Suihku<\/li>\n<\/ul>\n<\/div>\n<\/div>\n<\/div><\/div>\n","protected":false},"excerpt":{"rendered":"<p>Hotellissa on 15 huonetta, jotka kaikki ovat erilaisia ja alkuper\u00e4isi\u00e4.Ainutlaatuinen arkkitehtuuri mahdollistaa upean tunnelman riippumatta miss\u00e4 huoneessa asutte. Monet huoneista antavat rauhalliselle sis\u00e4pihalle ja kaikki suitet Vanhaan kaupunkiin viev\u00e4lle kadulle. Hotellin l\u00e4heisyydess\u00e4 ei ole meluisia baareja, jotka voisivat h\u00e4irit\u00e4 vieraitamme. Hotellihuoneiden suunnittelu perustuu tekij\u00f6ihin, jotka ovat yli 600 vuotta vanhoja.Mahdollisuus koskettaa kalkkikiviseini\u00e4 ja puupalkkeja, jotka [&hellip;]<\/p>\n","protected":false},"author":2,"featured_media":0,"parent":0,"menu_order":0,"comment_status":"closed","ping_status":"closed","template":"","meta":{"footnotes":""},"class_list":["post-437","page","type-page","status-publish","hentry"],"yoast_head":"<!-- This site is optimized with the Yoast SEO plugin v26.0 - https:\/\/yoast.com\/wordpress\/plugins\/seo\/ -->\n<title>Huoneet - CRU Hotelli<\/title>\n<meta name=\"description\" content=\"Cru Hotelli Talllinna huoneet. Hotellissa on 15 huonetta, jotka kaikki ovat erilaisia ja alkuper\u00e4isi\u00e4. Standard huonee, Deluxe huone sviiti.\" \/>\n<meta name=\"robots\" content=\"index, follow, max-snippet:-1, max-image-preview:large, max-video-preview:-1\" \/>\n<link rel=\"canonical\" href=\"https:\/\/cruhotel.eu\/fi\/huoneet\/\" \/>\n<meta property=\"og:locale\" content=\"fi_FI\" \/>\n<meta property=\"og:type\" content=\"article\" \/>\n<meta property=\"og:title\" content=\"Huoneet - CRU Hotelli\" \/>\n<meta property=\"og:description\" content=\"Cru Hotelli Talllinna huoneet. Hotellissa on 15 huonetta, jotka kaikki ovat erilaisia ja alkuper\u00e4isi\u00e4. Standard huonee, Deluxe huone sviiti.\" \/>\n<meta property=\"og:url\" content=\"https:\/\/cruhotel.eu\/fi\/huoneet\/\" \/>\n<meta property=\"og:site_name\" content=\"CRU Hotelli\" \/>\n<meta property=\"article:publisher\" content=\"https:\/\/www.facebook.com\/Hotel-CRU-100404565031582\" \/>\n<meta property=\"article:modified_time\" content=\"2025-11-27T07:38:35+00:00\" \/>\n<meta property=\"og:image\" content=\"https:\/\/cruhotel.eu\/wp-content\/uploads\/2021\/08\/reception-Cru-hotel-Tallinn-1024x768.jpg\" \/>\n\t<meta property=\"og:image:width\" content=\"1024\" \/>\n\t<meta property=\"og:image:height\" content=\"768\" \/>\n\t<meta property=\"og:image:type\" content=\"image\/jpeg\" \/>\n<meta name=\"twitter:card\" content=\"summary_large_image\" \/>\n<meta name=\"twitter:label1\" content=\"Arvioitu lukuaika\" \/>\n\t<meta name=\"twitter:data1\" content=\"3 minuuttia\" \/>\n<script type=\"application\/ld+json\" class=\"yoast-schema-graph\">{\"@context\":\"https:\/\/schema.org\",\"@graph\":[{\"@type\":\"WebPage\",\"@id\":\"https:\/\/cruhotel.eu\/fi\/huoneet\/\",\"url\":\"https:\/\/cruhotel.eu\/fi\/huoneet\/\",\"name\":\"Huoneet - CRU Hotelli\",\"isPartOf\":{\"@id\":\"https:\/\/cruhotel.eu\/#website\"},\"primaryImageOfPage\":{\"@id\":\"https:\/\/cruhotel.eu\/fi\/huoneet\/#primaryimage\"},\"image\":{\"@id\":\"https:\/\/cruhotel.eu\/fi\/huoneet\/#primaryimage\"},\"thumbnailUrl\":\"https:\/\/cruhotel.eu\/wp-content\/uploads\/2021\/08\/reception-Cru-hotel-Tallinn.jpg\",\"datePublished\":\"2021-08-05T11:10:49+00:00\",\"dateModified\":\"2025-11-27T07:38:35+00:00\",\"description\":\"Cru Hotelli Talllinna huoneet. Hotellissa on 15 huonetta, jotka kaikki ovat erilaisia ja alkuper\u00e4isi\u00e4. Standard huonee, Deluxe huone sviiti.\",\"breadcrumb\":{\"@id\":\"https:\/\/cruhotel.eu\/fi\/huoneet\/#breadcrumb\"},\"inLanguage\":\"fi\",\"potentialAction\":[{\"@type\":\"ReadAction\",\"target\":[\"https:\/\/cruhotel.eu\/fi\/huoneet\/\"]}]},{\"@type\":\"ImageObject\",\"inLanguage\":\"fi\",\"@id\":\"https:\/\/cruhotel.eu\/fi\/huoneet\/#primaryimage\",\"url\":\"https:\/\/cruhotel.eu\/wp-content\/uploads\/2021\/08\/reception-Cru-hotel-Tallinn.jpg\",\"contentUrl\":\"https:\/\/cruhotel.eu\/wp-content\/uploads\/2021\/08\/reception-Cru-hotel-Tallinn.jpg\"},{\"@type\":\"BreadcrumbList\",\"@id\":\"https:\/\/cruhotel.eu\/fi\/huoneet\/#breadcrumb\",\"itemListElement\":[{\"@type\":\"ListItem\",\"position\":1,\"name\":\"Home\",\"item\":\"https:\/\/cruhotel.eu\/fi\/\"},{\"@type\":\"ListItem\",\"position\":2,\"name\":\"Huoneet\"}]},{\"@type\":\"WebSite\",\"@id\":\"https:\/\/cruhotel.eu\/#website\",\"url\":\"https:\/\/cruhotel.eu\/\",\"name\":\"CRU Hotelli\",\"description\":\"J\u00e4rjekordne WordPressi veebileht\",\"potentialAction\":[{\"@type\":\"SearchAction\",\"target\":{\"@type\":\"EntryPoint\",\"urlTemplate\":\"https:\/\/cruhotel.eu\/?s={search_term_string}\"},\"query-input\":{\"@type\":\"PropertyValueSpecification\",\"valueRequired\":true,\"valueName\":\"search_term_string\"}}],\"inLanguage\":\"fi\"}]}<\/script>\n<!-- \/ Yoast SEO plugin. -->","yoast_head_json":{"title":"Huoneet - CRU Hotelli","description":"Cru Hotelli Talllinna huoneet. Hotellissa on 15 huonetta, jotka kaikki ovat erilaisia ja alkuper\u00e4isi\u00e4. Standard huonee, Deluxe huone sviiti.","robots":{"index":"index","follow":"follow","max-snippet":"max-snippet:-1","max-image-preview":"max-image-preview:large","max-video-preview":"max-video-preview:-1"},"canonical":"https:\/\/cruhotel.eu\/fi\/huoneet\/","og_locale":"fi_FI","og_type":"article","og_title":"Huoneet - CRU Hotelli","og_description":"Cru Hotelli Talllinna huoneet. Hotellissa on 15 huonetta, jotka kaikki ovat erilaisia ja alkuper\u00e4isi\u00e4. Standard huonee, Deluxe huone sviiti.","og_url":"https:\/\/cruhotel.eu\/fi\/huoneet\/","og_site_name":"CRU Hotelli","article_publisher":"https:\/\/www.facebook.com\/Hotel-CRU-100404565031582","article_modified_time":"2025-11-27T07:38:35+00:00","og_image":[{"width":1024,"height":768,"url":"https:\/\/cruhotel.eu\/wp-content\/uploads\/2021\/08\/reception-Cru-hotel-Tallinn-1024x768.jpg","type":"image\/jpeg"}],"twitter_card":"summary_large_image","twitter_misc":{"Arvioitu lukuaika":"3 minuuttia"},"schema":{"@context":"https:\/\/schema.org","@graph":[{"@type":"WebPage","@id":"https:\/\/cruhotel.eu\/fi\/huoneet\/","url":"https:\/\/cruhotel.eu\/fi\/huoneet\/","name":"Huoneet - CRU Hotelli","isPartOf":{"@id":"https:\/\/cruhotel.eu\/#website"},"primaryImageOfPage":{"@id":"https:\/\/cruhotel.eu\/fi\/huoneet\/#primaryimage"},"image":{"@id":"https:\/\/cruhotel.eu\/fi\/huoneet\/#primaryimage"},"thumbnailUrl":"https:\/\/cruhotel.eu\/wp-content\/uploads\/2021\/08\/reception-Cru-hotel-Tallinn.jpg","datePublished":"2021-08-05T11:10:49+00:00","dateModified":"2025-11-27T07:38:35+00:00","description":"Cru Hotelli Talllinna huoneet. Hotellissa on 15 huonetta, jotka kaikki ovat erilaisia ja alkuper\u00e4isi\u00e4. Standard huonee, Deluxe huone sviiti.","breadcrumb":{"@id":"https:\/\/cruhotel.eu\/fi\/huoneet\/#breadcrumb"},"inLanguage":"fi","potentialAction":[{"@type":"ReadAction","target":["https:\/\/cruhotel.eu\/fi\/huoneet\/"]}]},{"@type":"ImageObject","inLanguage":"fi","@id":"https:\/\/cruhotel.eu\/fi\/huoneet\/#primaryimage","url":"https:\/\/cruhotel.eu\/wp-content\/uploads\/2021\/08\/reception-Cru-hotel-Tallinn.jpg","contentUrl":"https:\/\/cruhotel.eu\/wp-content\/uploads\/2021\/08\/reception-Cru-hotel-Tallinn.jpg"},{"@type":"BreadcrumbList","@id":"https:\/\/cruhotel.eu\/fi\/huoneet\/#breadcrumb","itemListElement":[{"@type":"ListItem","position":1,"name":"Home","item":"https:\/\/cruhotel.eu\/fi\/"},{"@type":"ListItem","position":2,"name":"Huoneet"}]},{"@type":"WebSite","@id":"https:\/\/cruhotel.eu\/#website","url":"https:\/\/cruhotel.eu\/","name":"CRU Hotelli","description":"J\u00e4rjekordne WordPressi veebileht","potentialAction":[{"@type":"SearchAction","target":{"@type":"EntryPoint","urlTemplate":"https:\/\/cruhotel.eu\/?s={search_term_string}"},"query-input":{"@type":"PropertyValueSpecification","valueRequired":true,"valueName":"search_term_string"}}],"inLanguage":"fi"}]}},"_links":{"self":[{"href":"https:\/\/cruhotel.eu\/fi\/wp-json\/wp\/v2\/pages\/437","targetHints":{"allow":["GET"]}}],"collection":[{"href":"https:\/\/cruhotel.eu\/fi\/wp-json\/wp\/v2\/pages"}],"about":[{"href":"https:\/\/cruhotel.eu\/fi\/wp-json\/wp\/v2\/types\/page"}],"author":[{"embeddable":true,"href":"https:\/\/cruhotel.eu\/fi\/wp-json\/wp\/v2\/users\/2"}],"replies":[{"embeddable":true,"href":"https:\/\/cruhotel.eu\/fi\/wp-json\/wp\/v2\/comments?post=437"}],"version-history":[{"count":9,"href":"https:\/\/cruhotel.eu\/fi\/wp-json\/wp\/v2\/pages\/437\/revisions"}],"predecessor-version":[{"id":1889,"href":"https:\/\/cruhotel.eu\/fi\/wp-json\/wp\/v2\/pages\/437\/revisions\/1889"}],"wp:attachment":[{"href":"https:\/\/cruhotel.eu\/fi\/wp-json\/wp\/v2\/media?parent=437"}],"curies":[{"name":"wp","href":"https:\/\/api.w.org\/{rel}","templated":true}]}}