{"id":453,"date":"2021-08-05T10:14:47","date_gmt":"2021-08-05T10:14:47","guid":{"rendered":"https:\/\/cruhotel.eu\/kontakt\/"},"modified":"2023-03-15T07:48:17","modified_gmt":"2023-03-15T07:48:17","slug":"yhteistiedot","status":"publish","type":"page","link":"https:\/\/cruhotel.eu\/fi\/yhteistiedot\/","title":{"rendered":"YHTEYSTIEDOT"},"content":{"rendered":"\n<div class=\"wp-block-cover alignfull is-light has-custom-content-position is-position-bottom-center\" style=\"min-height:300px;aspect-ratio:unset;\"><span aria-hidden=\"true\" class=\"wp-block-cover__background has-background-dim-20 has-background-dim\" style=\"background-color:#e84124\"><\/span><img loading=\"lazy\" decoding=\"async\" width=\"2133\" height=\"1600\" class=\"wp-block-cover__image-background wp-image-53\" alt=\"\" src=\"https:\/\/cruhotel.eu\/wp-content\/uploads\/2021\/08\/reception-Cru-hotel-Tallinn.jpg\" style=\"object-position:35% 89%\" data-object-fit=\"cover\" data-object-position=\"35% 89%\" srcset=\"https:\/\/cruhotel.eu\/wp-content\/uploads\/2021\/08\/reception-Cru-hotel-Tallinn.jpg 2133w, https:\/\/cruhotel.eu\/wp-content\/uploads\/2021\/08\/reception-Cru-hotel-Tallinn-300x225.jpg 300w, https:\/\/cruhotel.eu\/wp-content\/uploads\/2021\/08\/reception-Cru-hotel-Tallinn-1024x768.jpg 1024w, https:\/\/cruhotel.eu\/wp-content\/uploads\/2021\/08\/reception-Cru-hotel-Tallinn-768x576.jpg 768w, https:\/\/cruhotel.eu\/wp-content\/uploads\/2021\/08\/reception-Cru-hotel-Tallinn-1536x1152.jpg 1536w, https:\/\/cruhotel.eu\/wp-content\/uploads\/2021\/08\/reception-Cru-hotel-Tallinn-2048x1536.jpg 2048w\" sizes=\"auto, (max-width: 2133px) 100vw, 2133px\" \/><div class=\"wp-block-cover__inner-container is-layout-flow wp-block-cover-is-layout-flow\">\n<h1 class=\"has-text-align-center has-white-color has-text-color wp-block-heading\">OTTAA YHTEYTT\u00c4<\/h1>\n<\/div><\/div>\n\n\n\n<p class=\"has-text-align-center has-background has-normal-font-size\" style=\"background-color:#e2e2e2\"><em>P\u00e4\u00e4m\u00e4\u00e4r\u00e4mme on tarjota vierailemme ainutlaatuinen ja korkeatasoinen el\u00e4mys, jossa vanha ja uusi yhdistyv\u00e4t. Pyrimme my\u00f6s tavoittamaan my\u00f6hemm\u00e4n keskiajan tunnelman ilman kompromisseja. Oli kysymys palvelun laadusta tai nelj\u00e4n t\u00e4hden hotellin mukavuudesta.<\/em><\/p>\n\n\n\n<div class=\"wp-block-columns alignfull is-layout-flex wp-container-core-columns-is-layout-9d6595d7 wp-block-columns-is-layout-flex\">\n<div class=\"wp-block-column is-layout-flow wp-block-column-is-layout-flow\" style=\"flex-basis:100%\">\n<iframe src=\"https:\/\/www.google.com\/maps\/embed?pb=!1m18!1m12!1m3!1d7177.5696809096235!2d24.7397372819743!3d59.43753153676209!2m3!1f0!2f0!3f0!3m2!1i1024!2i768!4f13.1!3m3!1m2!1s0x46929361f46c2c3d%3A0x355613eb7bb0de6e!2sCru%20hotell!5e0!3m2!1sen!2see!4v1628155625410!5m2!1sen!2see\" width=\"100%\" height=\"300\" style=\"border:0;\" allowfullscreen=\"\" loading=\"lazy\"><\/iframe>\n<\/div>\n<\/div>\n\n\n\n<div class=\"wp-block-columns alignwide is-layout-flex wp-container-core-columns-is-layout-9d6595d7 wp-block-columns-is-layout-flex\">\n<div class=\"wp-block-column is-layout-flow wp-block-column-is-layout-flow\" style=\"flex-basis:50%\">\n<h3 class=\"wp-block-heading\"><strong>CRU HOTELL<\/strong> <\/h3>\n\n\n\n<p>CRU- hotelli sijaitsee Talinnan Vanhan kaupungin p\u00e4\u00e4kadun varrella, vain 300 metrin p\u00e4\u00e4ss\u00e4 Tammsaare puistosta (Keskusta), Virukeskus-ostoskeskuksesta ja l\u00e4hell\u00e4 Raatihuonetta.&nbsp;<\/p>\n\n\n\n<p>Sijaitsemme vain kolmen minuutin k\u00e4velymatkan p\u00e4\u00e4ss\u00e4 Viru-porteilta.<\/p>\n\n\n\n<p>.<\/p>\n\n\n\n<p>Viru katu 8, Tallinna<br>10140 Viro<\/p>\n\n\n\n<p>Tel: +372 611 7600<br>E-post: <a rel=\"noreferrer noopener\" href=\"mailto:cruhotel@cruhotel.eu\" target=\"_blank\">cruhotel@cruhotel.eu<\/a><\/p>\n\n\n\n<figure class=\"wp-block-image size-full is-resized\"><a href=\"https:\/\/www.facebook.com\/Hotel-CRU-100404565031582\" target=\"_blank\" rel=\"noopener\"><img loading=\"lazy\" decoding=\"async\" src=\"https:\/\/cruhotel.eu\/wp-content\/uploads\/2021\/08\/facebook.png\" alt=\"\" class=\"wp-image-112\" width=\"36\" height=\"36\"\/><\/a><\/figure>\n<\/div>\n\n\n\n<div class=\"wp-block-column is-layout-flow wp-block-column-is-layout-flow\" style=\"flex-basis:50%\"><script type=\"text\/javascript\">\n\/* <![CDATA[ *\/\nvar gform;gform||(document.addEventListener(\"gform_main_scripts_loaded\",function(){gform.scriptsLoaded=!0}),document.addEventListener(\"gform\/theme\/scripts_loaded\",function(){gform.themeScriptsLoaded=!0}),window.addEventListener(\"DOMContentLoaded\",function(){gform.domLoaded=!0}),gform={domLoaded:!1,scriptsLoaded:!1,themeScriptsLoaded:!1,isFormEditor:()=>\"function\"==typeof InitializeEditor,callIfLoaded:function(o){return!(!gform.domLoaded||!gform.scriptsLoaded||!gform.themeScriptsLoaded&&!gform.isFormEditor()||(gform.isFormEditor()&&console.warn(\"The use of gform.initializeOnLoaded() is deprecated in the form editor context and will be removed in Gravity Forms 3.1.\"),o(),0))},initializeOnLoaded:function(o){gform.callIfLoaded(o)||(document.addEventListener(\"gform_main_scripts_loaded\",()=>{gform.scriptsLoaded=!0,gform.callIfLoaded(o)}),document.addEventListener(\"gform\/theme\/scripts_loaded\",()=>{gform.themeScriptsLoaded=!0,gform.callIfLoaded(o)}),window.addEventListener(\"DOMContentLoaded\",()=>{gform.domLoaded=!0,gform.callIfLoaded(o)}))},hooks:{action:{},filter:{}},addAction:function(o,r,e,t){gform.addHook(\"action\",o,r,e,t)},addFilter:function(o,r,e,t){gform.addHook(\"filter\",o,r,e,t)},doAction:function(o){gform.doHook(\"action\",o,arguments)},applyFilters:function(o){return gform.doHook(\"filter\",o,arguments)},removeAction:function(o,r){gform.removeHook(\"action\",o,r)},removeFilter:function(o,r,e){gform.removeHook(\"filter\",o,r,e)},addHook:function(o,r,e,t,n){null==gform.hooks[o][r]&&(gform.hooks[o][r]=[]);var d=gform.hooks[o][r];null==n&&(n=r+\"_\"+d.length),gform.hooks[o][r].push({tag:n,callable:e,priority:t=null==t?10:t})},doHook:function(r,o,e){var t;if(e=Array.prototype.slice.call(e,1),null!=gform.hooks[r][o]&&((o=gform.hooks[r][o]).sort(function(o,r){return o.priority-r.priority}),o.forEach(function(o){\"function\"!=typeof(t=o.callable)&&(t=window[t]),\"action\"==r?t.apply(null,e):e[0]=t.apply(null,e)})),\"filter\"==r)return e[0]},removeHook:function(o,r,t,n){var e;null!=gform.hooks[o][r]&&(e=(e=gform.hooks[o][r]).filter(function(o,r,e){return!!(null!=n&&n!=o.tag||null!=t&&t!=o.priority)}),gform.hooks[o][r]=e)}});\n\/* ]]> *\/\n<\/script>\n\n                <div class='gf_browser_gecko gform_wrapper gravity-theme gform-theme--no-framework' data-form-theme='gravity-theme' data-form-index='0' id='gform_wrapper_8' ><form method='post' enctype='multipart\/form-data'  id='gform_8'  action='\/fi\/wp-json\/wp\/v2\/pages\/453' data-formid='8' novalidate>\n                        <div class='gform-body gform_body'><div id='gform_fields_8' class='gform_fields top_label form_sublabel_below description_below validation_below'><fieldset id=\"field_8_1\" class=\"gfield gfield--type-name field_sublabel_below gfield--no-description field_description_below field_validation_below gfield_visibility_visible\"  ><legend class='gfield_label gform-field-label gfield_label_before_complex' >Nimi<\/legend><div class='ginput_complex ginput_container ginput_container--name no_prefix has_first_name no_middle_name has_last_name no_suffix gf_name_has_2 ginput_container_name gform-grid-row' id='input_8_1'>\n                            \n                            <span id='input_8_1_3_container' class='name_first gform-grid-col gform-grid-col--size-auto' >\n                                                    <input type='text' name='input_1.3' id='input_8_1_3' value=''   aria-required='false'     \/>\n                                                    <label for='input_8_1_3' class='gform-field-label gform-field-label--type-sub '>Etunimi<\/label>\n                                                <\/span>\n                            \n                            <span id='input_8_1_6_container' class='name_last gform-grid-col gform-grid-col--size-auto' >\n                                                    <input type='text' name='input_1.6' id='input_8_1_6' value=''   aria-required='false'     \/>\n                                                    <label for='input_8_1_6' class='gform-field-label gform-field-label--type-sub '>Sukunimi<\/label>\n                                                <\/span>\n                            \n                        <\/div><\/fieldset><div id=\"field_8_2\" class=\"gfield gfield--type-text field_sublabel_below gfield--no-description field_description_below field_validation_below gfield_visibility_visible\"  ><label class='gfield_label gform-field-label' for='input_8_2'>Puhelin tai s-posti<\/label><div class='ginput_container ginput_container_text'><input name='input_2' id='input_8_2' type='text' value='' class='large'      aria-invalid=\"false\"   \/><\/div><\/div><div id=\"field_8_3\" class=\"gfield gfield--type-textarea field_sublabel_below gfield--no-description field_description_below field_validation_below gfield_visibility_visible\"  ><label class='gfield_label gform-field-label' for='input_8_3'>Viesti<\/label><div class='ginput_container ginput_container_textarea'><textarea name='input_3' id='input_8_3' class='textarea small'      aria-invalid=\"false\"   rows='10' cols='50'><\/textarea><\/div><\/div><div id=\"field_8_4\" class=\"gfield gfield--type-captcha field_sublabel_below gfield--no-description field_description_below hidden_label field_validation_below gfield_visibility_visible\"  ><label class='gfield_label gform-field-label' for='input_8_4'>CAPTCHA<\/label><div id='input_8_4' class='ginput_container ginput_recaptcha' data-sitekey='6LcLvA4eAAAAAExNxVV5vfY-g_xtN_mLCY_91QJ8'  data-theme='light' data-tabindex='-1' data-size='invisible' data-badge='bottomright'><\/div><\/div><\/div><\/div>\n        <div class='gform-footer gform_footer top_label'> <input type='submit' id='gform_submit_button_8' class='gform_button button' onclick='gform.submission.handleButtonClick(this);' data-submission-type='submit' value='L\u00e4het\u00e4'  \/> \n            <input type='hidden' class='gform_hidden' name='gform_submission_method' data-js='gform_submission_method_8' value='postback' \/>\n            <input type='hidden' class='gform_hidden' name='gform_theme' data-js='gform_theme_8' id='gform_theme_8' value='gravity-theme' \/>\n            <input type='hidden' class='gform_hidden' name='gform_style_settings' data-js='gform_style_settings_8' id='gform_style_settings_8' value='[]' \/>\n            <input type='hidden' class='gform_hidden' name='is_submit_8' value='1' \/>\n            <input type='hidden' class='gform_hidden' name='gform_submit' value='8' \/>\n            \n            <input type='hidden' class='gform_hidden' name='gform_unique_id' value='' \/>\n            <input type='hidden' class='gform_hidden' name='state_8' value='WyJbXSIsImEwMDI0NzE0ZThiMTE1YzNmNDQxMWE2ZDgxZWRmYmY1Il0=' \/>\n            <input type='hidden' autocomplete='off' class='gform_hidden' name='gform_target_page_number_8' id='gform_target_page_number_8' value='0' \/>\n            <input type='hidden' autocomplete='off' class='gform_hidden' name='gform_source_page_number_8' id='gform_source_page_number_8' value='1' \/>\n            <input type='hidden' name='gform_field_values' value='' \/>\n            \n        <\/div>\n                        <\/form>\n                        <\/div><script type=\"text\/javascript\">\n\/* <![CDATA[ *\/\n gform.initializeOnLoaded( function() {gformInitSpinner( 8, 'https:\/\/cruhotel.eu\/wp-content\/plugins\/gravityforms\/images\/spinner.svg', true );jQuery('#gform_ajax_frame_8').on('load',function(){var contents = jQuery(this).contents().find('*').html();var is_postback = contents.indexOf('GF_AJAX_POSTBACK') >= 0;if(!is_postback){return;}var form_content = jQuery(this).contents().find('#gform_wrapper_8');var is_confirmation = jQuery(this).contents().find('#gform_confirmation_wrapper_8').length > 0;var is_redirect = contents.indexOf('gformRedirect(){') >= 0;var is_form = form_content.length > 0 && ! is_redirect && ! is_confirmation;var mt = parseInt(jQuery('html').css('margin-top'), 10) + parseInt(jQuery('body').css('margin-top'), 10) + 100;if(is_form){jQuery('#gform_wrapper_8').html(form_content.html());if(form_content.hasClass('gform_validation_error')){jQuery('#gform_wrapper_8').addClass('gform_validation_error');} else {jQuery('#gform_wrapper_8').removeClass('gform_validation_error');}setTimeout( function() { \/* delay the scroll by 50 milliseconds to fix a bug in chrome *\/  }, 50 );if(window['gformInitDatepicker']) {gformInitDatepicker();}if(window['gformInitPriceFields']) {gformInitPriceFields();}var current_page = jQuery('#gform_source_page_number_8').val();gformInitSpinner( 8, 'https:\/\/cruhotel.eu\/wp-content\/plugins\/gravityforms\/images\/spinner.svg', true );jQuery(document).trigger('gform_page_loaded', [8, current_page]);window['gf_submitting_8'] = false;}else if(!is_redirect){var confirmation_content = jQuery(this).contents().find('.GF_AJAX_POSTBACK').html();if(!confirmation_content){confirmation_content = contents;}jQuery('#gform_wrapper_8').replaceWith(confirmation_content);jQuery(document).trigger('gform_confirmation_loaded', [8]);window['gf_submitting_8'] = false;wp.a11y.speak(jQuery('#gform_confirmation_message_8').text());}else{jQuery('#gform_8').append(contents);if(window['gformRedirect']) {gformRedirect();}}jQuery(document).trigger(\"gform_pre_post_render\", [{ formId: \"8\", currentPage: \"current_page\", abort: function() { this.preventDefault(); } }]);        if (event && event.defaultPrevented) {                return;        }        const gformWrapperDiv = document.getElementById( \"gform_wrapper_8\" );        if ( gformWrapperDiv ) {            const visibilitySpan = document.createElement( \"span\" );            visibilitySpan.id = \"gform_visibility_test_8\";            gformWrapperDiv.insertAdjacentElement( \"afterend\", visibilitySpan );        }        const visibilityTestDiv = document.getElementById( \"gform_visibility_test_8\" );        let postRenderFired = false;        function triggerPostRender() {            if ( postRenderFired ) {                return;            }            postRenderFired = true;            gform.core.triggerPostRenderEvents( 8, current_page );            if ( visibilityTestDiv ) {                visibilityTestDiv.parentNode.removeChild( visibilityTestDiv );            }        }        function debounce( func, wait, immediate ) {            var timeout;            return function() {                var context = this, args = arguments;                var later = function() {                    timeout = null;                    if ( !immediate ) func.apply( context, args );                };                var callNow = immediate && !timeout;                clearTimeout( timeout );                timeout = setTimeout( later, wait );                if ( callNow ) func.apply( context, args );            };        }        const debouncedTriggerPostRender = debounce( function() {            triggerPostRender();        }, 200 );        if ( visibilityTestDiv && visibilityTestDiv.offsetParent === null ) {            const observer = new MutationObserver( ( mutations ) => {                mutations.forEach( ( mutation ) => {                    if ( mutation.type === 'attributes' && visibilityTestDiv.offsetParent !== null ) {                        debouncedTriggerPostRender();                        observer.disconnect();                    }                });            });            observer.observe( document.body, {                attributes: true,                childList: false,                subtree: true,                attributeFilter: [ 'style', 'class' ],            });        } else {            triggerPostRender();        }    } );} ); \n\/* ]]> *\/\n<\/script>\n<\/div>\n<\/div>\n","protected":false},"excerpt":{"rendered":"<p>P\u00e4\u00e4m\u00e4\u00e4r\u00e4mme on tarjota vierailemme ainutlaatuinen ja korkeatasoinen el\u00e4mys, jossa vanha ja uusi yhdistyv\u00e4t. Pyrimme my\u00f6s tavoittamaan my\u00f6hemm\u00e4n keskiajan tunnelman ilman kompromisseja. Oli kysymys palvelun laadusta tai nelj\u00e4n t\u00e4hden hotellin mukavuudesta. CRU HOTELL CRU- hotelli sijaitsee Talinnan Vanhan kaupungin p\u00e4\u00e4kadun varrella, vain 300 metrin p\u00e4\u00e4ss\u00e4 Tammsaare puistosta (Keskusta), Virukeskus-ostoskeskuksesta ja l\u00e4hell\u00e4 Raatihuonetta.&nbsp; Sijaitsemme vain kolmen minuutin [&hellip;]<\/p>\n","protected":false},"author":2,"featured_media":0,"parent":0,"menu_order":0,"comment_status":"closed","ping_status":"closed","template":"","meta":{"footnotes":""},"class_list":["post-453","page","type-page","status-publish","hentry"],"yoast_head":"<!-- This site is optimized with the Yoast SEO plugin v26.0 - https:\/\/yoast.com\/wordpress\/plugins\/seo\/ -->\n<title>YHTEYSTIEDOT - CRU Hotelli<\/title>\n<meta name=\"description\" content=\"Cru Hotelli Tallinna yhteistiedot. Osoite, puhelinnumero, s\u00e4hkoposti. CRU- hotelli sijaitsee Talinnan Vanhan kaupungissa Viru kadulla,\" \/>\n<meta name=\"robots\" content=\"index, follow, max-snippet:-1, max-image-preview:large, max-video-preview:-1\" \/>\n<link rel=\"canonical\" href=\"https:\/\/cruhotel.eu\/fi\/yhteistiedot\/\" \/>\n<meta property=\"og:locale\" content=\"fi_FI\" \/>\n<meta property=\"og:type\" content=\"article\" \/>\n<meta property=\"og:title\" content=\"YHTEYSTIEDOT - CRU Hotelli\" \/>\n<meta property=\"og:description\" content=\"Cru Hotelli Tallinna yhteistiedot. Osoite, puhelinnumero, s\u00e4hkoposti. CRU- hotelli sijaitsee Talinnan Vanhan kaupungissa Viru kadulla,\" \/>\n<meta property=\"og:url\" content=\"https:\/\/cruhotel.eu\/fi\/yhteistiedot\/\" \/>\n<meta property=\"og:site_name\" content=\"CRU Hotelli\" \/>\n<meta property=\"article:publisher\" content=\"https:\/\/www.facebook.com\/Hotel-CRU-100404565031582\" \/>\n<meta property=\"article:modified_time\" content=\"2023-03-15T07:48:17+00:00\" \/>\n<meta property=\"og:image\" content=\"https:\/\/cruhotel.eu\/wp-content\/uploads\/2021\/08\/reception-Cru-hotel-Tallinn.jpg\" \/>\n<meta name=\"twitter:card\" content=\"summary_large_image\" \/>\n<meta name=\"twitter:label1\" content=\"Arvioitu lukuaika\" \/>\n\t<meta name=\"twitter:data1\" content=\"1 minuutti\" \/>\n<script type=\"application\/ld+json\" class=\"yoast-schema-graph\">{\"@context\":\"https:\/\/schema.org\",\"@graph\":[{\"@type\":\"WebPage\",\"@id\":\"https:\/\/cruhotel.eu\/fi\/yhteistiedot\/\",\"url\":\"https:\/\/cruhotel.eu\/fi\/yhteistiedot\/\",\"name\":\"YHTEYSTIEDOT - CRU Hotelli\",\"isPartOf\":{\"@id\":\"https:\/\/cruhotel.eu\/#website\"},\"primaryImageOfPage\":{\"@id\":\"https:\/\/cruhotel.eu\/fi\/yhteistiedot\/#primaryimage\"},\"image\":{\"@id\":\"https:\/\/cruhotel.eu\/fi\/yhteistiedot\/#primaryimage\"},\"thumbnailUrl\":\"https:\/\/cruhotel.eu\/wp-content\/uploads\/2021\/08\/reception-Cru-hotel-Tallinn.jpg\",\"datePublished\":\"2021-08-05T10:14:47+00:00\",\"dateModified\":\"2023-03-15T07:48:17+00:00\",\"description\":\"Cru Hotelli Tallinna yhteistiedot. Osoite, puhelinnumero, s\u00e4hkoposti. CRU- hotelli sijaitsee Talinnan Vanhan kaupungissa Viru kadulla,\",\"breadcrumb\":{\"@id\":\"https:\/\/cruhotel.eu\/fi\/yhteistiedot\/#breadcrumb\"},\"inLanguage\":\"fi\",\"potentialAction\":[{\"@type\":\"ReadAction\",\"target\":[\"https:\/\/cruhotel.eu\/fi\/yhteistiedot\/\"]}]},{\"@type\":\"ImageObject\",\"inLanguage\":\"fi\",\"@id\":\"https:\/\/cruhotel.eu\/fi\/yhteistiedot\/#primaryimage\",\"url\":\"https:\/\/cruhotel.eu\/wp-content\/uploads\/2021\/08\/reception-Cru-hotel-Tallinn.jpg\",\"contentUrl\":\"https:\/\/cruhotel.eu\/wp-content\/uploads\/2021\/08\/reception-Cru-hotel-Tallinn.jpg\"},{\"@type\":\"BreadcrumbList\",\"@id\":\"https:\/\/cruhotel.eu\/fi\/yhteistiedot\/#breadcrumb\",\"itemListElement\":[{\"@type\":\"ListItem\",\"position\":1,\"name\":\"Home\",\"item\":\"https:\/\/cruhotel.eu\/fi\/\"},{\"@type\":\"ListItem\",\"position\":2,\"name\":\"YHTEYSTIEDOT\"}]},{\"@type\":\"WebSite\",\"@id\":\"https:\/\/cruhotel.eu\/#website\",\"url\":\"https:\/\/cruhotel.eu\/\",\"name\":\"CRU Hotelli\",\"description\":\"J\u00e4rjekordne WordPressi veebileht\",\"potentialAction\":[{\"@type\":\"SearchAction\",\"target\":{\"@type\":\"EntryPoint\",\"urlTemplate\":\"https:\/\/cruhotel.eu\/?s={search_term_string}\"},\"query-input\":{\"@type\":\"PropertyValueSpecification\",\"valueRequired\":true,\"valueName\":\"search_term_string\"}}],\"inLanguage\":\"fi\"}]}<\/script>\n<!-- \/ Yoast SEO plugin. -->","yoast_head_json":{"title":"YHTEYSTIEDOT - CRU Hotelli","description":"Cru Hotelli Tallinna yhteistiedot. Osoite, puhelinnumero, s\u00e4hkoposti. CRU- hotelli sijaitsee Talinnan Vanhan kaupungissa Viru kadulla,","robots":{"index":"index","follow":"follow","max-snippet":"max-snippet:-1","max-image-preview":"max-image-preview:large","max-video-preview":"max-video-preview:-1"},"canonical":"https:\/\/cruhotel.eu\/fi\/yhteistiedot\/","og_locale":"fi_FI","og_type":"article","og_title":"YHTEYSTIEDOT - CRU Hotelli","og_description":"Cru Hotelli Tallinna yhteistiedot. Osoite, puhelinnumero, s\u00e4hkoposti. CRU- hotelli sijaitsee Talinnan Vanhan kaupungissa Viru kadulla,","og_url":"https:\/\/cruhotel.eu\/fi\/yhteistiedot\/","og_site_name":"CRU Hotelli","article_publisher":"https:\/\/www.facebook.com\/Hotel-CRU-100404565031582","article_modified_time":"2023-03-15T07:48:17+00:00","og_image":[{"url":"https:\/\/cruhotel.eu\/wp-content\/uploads\/2021\/08\/reception-Cru-hotel-Tallinn.jpg","type":"","width":"","height":""}],"twitter_card":"summary_large_image","twitter_misc":{"Arvioitu lukuaika":"1 minuutti"},"schema":{"@context":"https:\/\/schema.org","@graph":[{"@type":"WebPage","@id":"https:\/\/cruhotel.eu\/fi\/yhteistiedot\/","url":"https:\/\/cruhotel.eu\/fi\/yhteistiedot\/","name":"YHTEYSTIEDOT - CRU Hotelli","isPartOf":{"@id":"https:\/\/cruhotel.eu\/#website"},"primaryImageOfPage":{"@id":"https:\/\/cruhotel.eu\/fi\/yhteistiedot\/#primaryimage"},"image":{"@id":"https:\/\/cruhotel.eu\/fi\/yhteistiedot\/#primaryimage"},"thumbnailUrl":"https:\/\/cruhotel.eu\/wp-content\/uploads\/2021\/08\/reception-Cru-hotel-Tallinn.jpg","datePublished":"2021-08-05T10:14:47+00:00","dateModified":"2023-03-15T07:48:17+00:00","description":"Cru Hotelli Tallinna yhteistiedot. Osoite, puhelinnumero, s\u00e4hkoposti. CRU- hotelli sijaitsee Talinnan Vanhan kaupungissa Viru kadulla,","breadcrumb":{"@id":"https:\/\/cruhotel.eu\/fi\/yhteistiedot\/#breadcrumb"},"inLanguage":"fi","potentialAction":[{"@type":"ReadAction","target":["https:\/\/cruhotel.eu\/fi\/yhteistiedot\/"]}]},{"@type":"ImageObject","inLanguage":"fi","@id":"https:\/\/cruhotel.eu\/fi\/yhteistiedot\/#primaryimage","url":"https:\/\/cruhotel.eu\/wp-content\/uploads\/2021\/08\/reception-Cru-hotel-Tallinn.jpg","contentUrl":"https:\/\/cruhotel.eu\/wp-content\/uploads\/2021\/08\/reception-Cru-hotel-Tallinn.jpg"},{"@type":"BreadcrumbList","@id":"https:\/\/cruhotel.eu\/fi\/yhteistiedot\/#breadcrumb","itemListElement":[{"@type":"ListItem","position":1,"name":"Home","item":"https:\/\/cruhotel.eu\/fi\/"},{"@type":"ListItem","position":2,"name":"YHTEYSTIEDOT"}]},{"@type":"WebSite","@id":"https:\/\/cruhotel.eu\/#website","url":"https:\/\/cruhotel.eu\/","name":"CRU Hotelli","description":"J\u00e4rjekordne WordPressi veebileht","potentialAction":[{"@type":"SearchAction","target":{"@type":"EntryPoint","urlTemplate":"https:\/\/cruhotel.eu\/?s={search_term_string}"},"query-input":{"@type":"PropertyValueSpecification","valueRequired":true,"valueName":"search_term_string"}}],"inLanguage":"fi"}]}},"_links":{"self":[{"href":"https:\/\/cruhotel.eu\/fi\/wp-json\/wp\/v2\/pages\/453","targetHints":{"allow":["GET"]}}],"collection":[{"href":"https:\/\/cruhotel.eu\/fi\/wp-json\/wp\/v2\/pages"}],"about":[{"href":"https:\/\/cruhotel.eu\/fi\/wp-json\/wp\/v2\/types\/page"}],"author":[{"embeddable":true,"href":"https:\/\/cruhotel.eu\/fi\/wp-json\/wp\/v2\/users\/2"}],"replies":[{"embeddable":true,"href":"https:\/\/cruhotel.eu\/fi\/wp-json\/wp\/v2\/comments?post=453"}],"version-history":[{"count":6,"href":"https:\/\/cruhotel.eu\/fi\/wp-json\/wp\/v2\/pages\/453\/revisions"}],"predecessor-version":[{"id":1174,"href":"https:\/\/cruhotel.eu\/fi\/wp-json\/wp\/v2\/pages\/453\/revisions\/1174"}],"wp:attachment":[{"href":"https:\/\/cruhotel.eu\/fi\/wp-json\/wp\/v2\/media?parent=453"}],"curies":[{"name":"wp","href":"https:\/\/api.w.org\/{rel}","templated":true}]}}