{"id":532,"date":"2021-08-05T13:03:50","date_gmt":"2021-08-05T13:03:50","guid":{"rendered":"https:\/\/cruhotel.eu\/restoran\/"},"modified":"2025-12-06T16:45:43","modified_gmt":"2025-12-06T16:45:43","slug":"ravintola-cru","status":"publish","type":"page","link":"https:\/\/cruhotel.eu\/fi\/ravintola-cru\/","title":{"rendered":"Ravintola"},"content":{"rendered":"\n<div class=\"wp-block-cover alignfull is-light has-custom-content-position is-position-bottom-center\" style=\"min-height:300px;aspect-ratio:unset;\"><img loading=\"lazy\" decoding=\"async\" width=\"2133\" height=\"1600\" class=\"wp-block-cover__image-background wp-image-53\" alt=\"\" src=\"https:\/\/cruhotel.eu\/wp-content\/uploads\/2021\/08\/reception-Cru-hotel-Tallinn.jpg\" style=\"object-position:35% 89%\" data-object-fit=\"cover\" data-object-position=\"35% 89%\" srcset=\"https:\/\/cruhotel.eu\/wp-content\/uploads\/2021\/08\/reception-Cru-hotel-Tallinn.jpg 2133w, https:\/\/cruhotel.eu\/wp-content\/uploads\/2021\/08\/reception-Cru-hotel-Tallinn-300x225.jpg 300w, https:\/\/cruhotel.eu\/wp-content\/uploads\/2021\/08\/reception-Cru-hotel-Tallinn-1024x768.jpg 1024w, https:\/\/cruhotel.eu\/wp-content\/uploads\/2021\/08\/reception-Cru-hotel-Tallinn-768x576.jpg 768w, https:\/\/cruhotel.eu\/wp-content\/uploads\/2021\/08\/reception-Cru-hotel-Tallinn-1536x1152.jpg 1536w, https:\/\/cruhotel.eu\/wp-content\/uploads\/2021\/08\/reception-Cru-hotel-Tallinn-2048x1536.jpg 2048w\" sizes=\"auto, (max-width: 2133px) 100vw, 2133px\" \/><span aria-hidden=\"true\" class=\"wp-block-cover__background has-background-dim-20 has-background-dim\" style=\"background-color:#e84124\"><\/span><div class=\"wp-block-cover__inner-container is-layout-flow wp-block-cover-is-layout-flow\">\n<h1 class=\"wp-block-heading has-text-align-center has-white-color has-text-color\">RAVINTOLA CRU<\/h1>\n<\/div><\/div>\n\n\n\n<p class=\"has-text-align-center\">Tallinnan upean vanhankaupungin historialliseen milj\u00f6\u00f6seen perustuen tavoitteenamme on l\u00f6yt\u00e4\u00e4 klassisen ja modernin keitti\u00f6n raja, mik\u00e4 tekee Cru-ravintolan kokemuksesta todella ajattoman.<\/p>\n\n\n\n<p class=\"has-text-align-center\">Kaksi sis\u00e4hallia on kunnostettu rakennuksen alkuper\u00e4isen 1400-luvun suunnittelun mukaisesti ja ne luovat aitoa my\u00f6h\u00e4iskeskiaikaista tunnelmaa. Piha tarjoaa mahdollisuuden viett\u00e4\u00e4 aikaa rauhallisella vanhankaupungin pihalla. Tietenkin ravintolassa on my\u00f6s erinomainen viinikellari, josta l\u00f6yd\u00e4t itsellesi sopivan viinin.<\/p>\n\n\n\n<p class=\"has-text-align-center has-vivid-red-color has-text-color has-large-font-size\"><strong><a href=\"https:\/\/v2.tableonline.fi\/instabook\/bookings\/aD1EQGK\/selection?locale=fi\">P\u00d6YT\u00c4VARAUS<\/a><\/strong><\/p>\n\n\n\n<div style=\"height:20px\" aria-hidden=\"true\" class=\"wp-block-spacer\"><\/div>\n\n\n\n<div class=\"wp-block-media-text alignfull has-media-on-the-right is-stacked-on-mobile\"><div class=\"wp-block-media-text__content\">\n<h2 class=\"wp-block-heading\"><\/h2>\n\n\n\n<p><\/p>\n<\/div><figure class=\"wp-block-media-text__media\"><img loading=\"lazy\" decoding=\"async\" width=\"1024\" height=\"683\" src=\"https:\/\/cruhotel.eu\/wp-content\/uploads\/2025\/12\/DSC_6372-1-1024x683.jpg\" alt=\"\" class=\"wp-image-1927 size-full\" srcset=\"https:\/\/cruhotel.eu\/wp-content\/uploads\/2025\/12\/DSC_6372-1-1024x683.jpg 1024w, https:\/\/cruhotel.eu\/wp-content\/uploads\/2025\/12\/DSC_6372-1-300x200.jpg 300w, https:\/\/cruhotel.eu\/wp-content\/uploads\/2025\/12\/DSC_6372-1-768x512.jpg 768w, https:\/\/cruhotel.eu\/wp-content\/uploads\/2025\/12\/DSC_6372-1-1536x1024.jpg 1536w, https:\/\/cruhotel.eu\/wp-content\/uploads\/2025\/12\/DSC_6372-1-2048x1365.jpg 2048w\" sizes=\"auto, (max-width: 1024px) 100vw, 1024px\" \/><\/figure><\/div>\n\n\n\n<div style=\"height:20px\" aria-hidden=\"true\" class=\"wp-block-spacer\"><\/div>\n\n\n\n<div class=\"wp-block-cover alignfull is-light has-parallax\"><div class=\"wp-block-cover__image-background wp-image-107 has-parallax\" style=\"background-position:50% 50%;background-image:url(https:\/\/cruhotel.eu\/wp-content\/uploads\/2021\/08\/Tallinna-parim-restoran-Cru.jpg)\"><\/div><span aria-hidden=\"true\" class=\"wp-block-cover__background has-background-dim\"><\/span><div class=\"wp-block-cover__inner-container is-layout-flow wp-block-cover-is-layout-flow\">\n<div class=\"wp-block-columns alignwide is-layout-flex wp-container-core-columns-is-layout-9d6595d7 wp-block-columns-is-layout-flex\">\n<div class=\"wp-block-column is-layout-flow wp-block-column-is-layout-flow\" style=\"flex-basis:5%\"><\/div>\n\n\n\n<div class=\"wp-block-column is-layout-flow wp-block-column-is-layout-flow\" style=\"flex-basis:40%\">\n<h2 class=\"wp-block-heading\">Kontaktid<\/h2>\n\n\n\n<p>Viru tn 8<\/p>\n\n\n\n<p>P\u00fchap\u00e4ev 12:00 &#8211; 22:00<\/p>\n\n\n\n<p>K\u00f6\u00f6k suletakse 1 tund enne sulgemist<\/p>\n\n\n\n<figure class=\"wp-block-image size-full is-resized\"><a href=\"https:\/\/www.facebook.com\/RestoranCRU\" target=\"_blank\" rel=\"noopener\"><img loading=\"lazy\" decoding=\"async\" width=\"64\" height=\"64\" src=\"https:\/\/cruhotel.eu\/wp-content\/uploads\/2021\/08\/facebook.png\" alt=\"\" class=\"wp-image-112\" style=\"width:32px;height:32px\"\/><\/a><\/figure>\n<\/div>\n\n\n\n<div class=\"wp-block-column is-layout-flow wp-block-column-is-layout-flow\" style=\"flex-basis:50%\">\n<h2 class=\"wp-block-heading\">Varaa p\u00f6yt\u00e4<\/h2>\n<\/div>\n\n\n\n<div class=\"wp-block-column is-layout-flow wp-block-column-is-layout-flow\" style=\"flex-basis:5%\"><\/div>\n<\/div>\n<\/div><\/div>\n","protected":false},"excerpt":{"rendered":"<p>Tallinnan upean vanhankaupungin historialliseen milj\u00f6\u00f6seen perustuen tavoitteenamme on l\u00f6yt\u00e4\u00e4 klassisen ja modernin keitti\u00f6n raja, mik\u00e4 tekee Cru-ravintolan kokemuksesta todella ajattoman. Kaksi sis\u00e4hallia on kunnostettu rakennuksen alkuper\u00e4isen 1400-luvun suunnittelun mukaisesti ja ne luovat aitoa my\u00f6h\u00e4iskeskiaikaista tunnelmaa. Piha tarjoaa mahdollisuuden viett\u00e4\u00e4 aikaa rauhallisella vanhankaupungin pihalla. Tietenkin ravintolassa on my\u00f6s erinomainen viinikellari, josta l\u00f6yd\u00e4t itsellesi sopivan viinin. P\u00d6YT\u00c4VARAUS<\/p>\n","protected":false},"author":2,"featured_media":0,"parent":0,"menu_order":0,"comment_status":"closed","ping_status":"closed","template":"","meta":{"footnotes":""},"class_list":["post-532","page","type-page","status-publish","hentry"],"yoast_head":"<!-- This site is optimized with the Yoast SEO plugin v26.0 - https:\/\/yoast.com\/wordpress\/plugins\/seo\/ -->\n<title>Ravintola - CRU Hotelli<\/title>\n<meta name=\"description\" content=\"Hotelli Cru Tallinna ravintola, Michelin guide ravintola. a la carte ruokalista. Ravintola tallinnan vanhakaupunkissa.\" \/>\n<meta name=\"robots\" content=\"index, follow, max-snippet:-1, max-image-preview:large, max-video-preview:-1\" \/>\n<link rel=\"canonical\" href=\"https:\/\/cruhotel.eu\/fi\/ravintola-cru\/\" \/>\n<meta property=\"og:locale\" content=\"fi_FI\" \/>\n<meta property=\"og:type\" content=\"article\" \/>\n<meta property=\"og:title\" content=\"Ravintola - CRU Hotelli\" \/>\n<meta property=\"og:description\" content=\"Hotelli Cru Tallinna ravintola, Michelin guide ravintola. a la carte ruokalista. Ravintola tallinnan vanhakaupunkissa.\" \/>\n<meta property=\"og:url\" content=\"https:\/\/cruhotel.eu\/fi\/ravintola-cru\/\" \/>\n<meta property=\"og:site_name\" content=\"CRU Hotelli\" \/>\n<meta property=\"article:publisher\" content=\"https:\/\/www.facebook.com\/Hotel-CRU-100404565031582\" \/>\n<meta property=\"article:modified_time\" content=\"2025-12-06T16:45:43+00:00\" \/>\n<meta property=\"og:image\" content=\"https:\/\/cruhotel.eu\/wp-content\/uploads\/2021\/08\/reception-Cru-hotel-Tallinn-1024x768.jpg\" \/>\n\t<meta property=\"og:image:width\" content=\"1024\" \/>\n\t<meta property=\"og:image:height\" content=\"768\" \/>\n\t<meta property=\"og:image:type\" content=\"image\/jpeg\" \/>\n<meta name=\"twitter:card\" content=\"summary_large_image\" \/>\n<meta name=\"twitter:label1\" content=\"Arvioitu lukuaika\" \/>\n\t<meta name=\"twitter:data1\" content=\"2 minuuttia\" \/>\n<script type=\"application\/ld+json\" class=\"yoast-schema-graph\">{\"@context\":\"https:\/\/schema.org\",\"@graph\":[{\"@type\":\"WebPage\",\"@id\":\"https:\/\/cruhotel.eu\/fi\/ravintola-cru\/\",\"url\":\"https:\/\/cruhotel.eu\/fi\/ravintola-cru\/\",\"name\":\"Ravintola - CRU Hotelli\",\"isPartOf\":{\"@id\":\"https:\/\/cruhotel.eu\/#website\"},\"primaryImageOfPage\":{\"@id\":\"https:\/\/cruhotel.eu\/fi\/ravintola-cru\/#primaryimage\"},\"image\":{\"@id\":\"https:\/\/cruhotel.eu\/fi\/ravintola-cru\/#primaryimage\"},\"thumbnailUrl\":\"https:\/\/cruhotel.eu\/wp-content\/uploads\/2021\/08\/reception-Cru-hotel-Tallinn.jpg\",\"datePublished\":\"2021-08-05T13:03:50+00:00\",\"dateModified\":\"2025-12-06T16:45:43+00:00\",\"description\":\"Hotelli Cru Tallinna ravintola, Michelin guide ravintola. a la carte ruokalista. Ravintola tallinnan vanhakaupunkissa.\",\"breadcrumb\":{\"@id\":\"https:\/\/cruhotel.eu\/fi\/ravintola-cru\/#breadcrumb\"},\"inLanguage\":\"fi\",\"potentialAction\":[{\"@type\":\"ReadAction\",\"target\":[\"https:\/\/cruhotel.eu\/fi\/ravintola-cru\/\"]}]},{\"@type\":\"ImageObject\",\"inLanguage\":\"fi\",\"@id\":\"https:\/\/cruhotel.eu\/fi\/ravintola-cru\/#primaryimage\",\"url\":\"https:\/\/cruhotel.eu\/wp-content\/uploads\/2021\/08\/reception-Cru-hotel-Tallinn.jpg\",\"contentUrl\":\"https:\/\/cruhotel.eu\/wp-content\/uploads\/2021\/08\/reception-Cru-hotel-Tallinn.jpg\"},{\"@type\":\"BreadcrumbList\",\"@id\":\"https:\/\/cruhotel.eu\/fi\/ravintola-cru\/#breadcrumb\",\"itemListElement\":[{\"@type\":\"ListItem\",\"position\":1,\"name\":\"Home\",\"item\":\"https:\/\/cruhotel.eu\/fi\/\"},{\"@type\":\"ListItem\",\"position\":2,\"name\":\"Ravintola\"}]},{\"@type\":\"WebSite\",\"@id\":\"https:\/\/cruhotel.eu\/#website\",\"url\":\"https:\/\/cruhotel.eu\/\",\"name\":\"CRU Hotelli\",\"description\":\"J\u00e4rjekordne WordPressi veebileht\",\"potentialAction\":[{\"@type\":\"SearchAction\",\"target\":{\"@type\":\"EntryPoint\",\"urlTemplate\":\"https:\/\/cruhotel.eu\/?s={search_term_string}\"},\"query-input\":{\"@type\":\"PropertyValueSpecification\",\"valueRequired\":true,\"valueName\":\"search_term_string\"}}],\"inLanguage\":\"fi\"}]}<\/script>\n<!-- \/ Yoast SEO plugin. -->","yoast_head_json":{"title":"Ravintola - CRU Hotelli","description":"Hotelli Cru Tallinna ravintola, Michelin guide ravintola. a la carte ruokalista. Ravintola tallinnan vanhakaupunkissa.","robots":{"index":"index","follow":"follow","max-snippet":"max-snippet:-1","max-image-preview":"max-image-preview:large","max-video-preview":"max-video-preview:-1"},"canonical":"https:\/\/cruhotel.eu\/fi\/ravintola-cru\/","og_locale":"fi_FI","og_type":"article","og_title":"Ravintola - CRU Hotelli","og_description":"Hotelli Cru Tallinna ravintola, Michelin guide ravintola. a la carte ruokalista. Ravintola tallinnan vanhakaupunkissa.","og_url":"https:\/\/cruhotel.eu\/fi\/ravintola-cru\/","og_site_name":"CRU Hotelli","article_publisher":"https:\/\/www.facebook.com\/Hotel-CRU-100404565031582","article_modified_time":"2025-12-06T16:45:43+00:00","og_image":[{"width":1024,"height":768,"url":"https:\/\/cruhotel.eu\/wp-content\/uploads\/2021\/08\/reception-Cru-hotel-Tallinn-1024x768.jpg","type":"image\/jpeg"}],"twitter_card":"summary_large_image","twitter_misc":{"Arvioitu lukuaika":"2 minuuttia"},"schema":{"@context":"https:\/\/schema.org","@graph":[{"@type":"WebPage","@id":"https:\/\/cruhotel.eu\/fi\/ravintola-cru\/","url":"https:\/\/cruhotel.eu\/fi\/ravintola-cru\/","name":"Ravintola - CRU Hotelli","isPartOf":{"@id":"https:\/\/cruhotel.eu\/#website"},"primaryImageOfPage":{"@id":"https:\/\/cruhotel.eu\/fi\/ravintola-cru\/#primaryimage"},"image":{"@id":"https:\/\/cruhotel.eu\/fi\/ravintola-cru\/#primaryimage"},"thumbnailUrl":"https:\/\/cruhotel.eu\/wp-content\/uploads\/2021\/08\/reception-Cru-hotel-Tallinn.jpg","datePublished":"2021-08-05T13:03:50+00:00","dateModified":"2025-12-06T16:45:43+00:00","description":"Hotelli Cru Tallinna ravintola, Michelin guide ravintola. a la carte ruokalista. Ravintola tallinnan vanhakaupunkissa.","breadcrumb":{"@id":"https:\/\/cruhotel.eu\/fi\/ravintola-cru\/#breadcrumb"},"inLanguage":"fi","potentialAction":[{"@type":"ReadAction","target":["https:\/\/cruhotel.eu\/fi\/ravintola-cru\/"]}]},{"@type":"ImageObject","inLanguage":"fi","@id":"https:\/\/cruhotel.eu\/fi\/ravintola-cru\/#primaryimage","url":"https:\/\/cruhotel.eu\/wp-content\/uploads\/2021\/08\/reception-Cru-hotel-Tallinn.jpg","contentUrl":"https:\/\/cruhotel.eu\/wp-content\/uploads\/2021\/08\/reception-Cru-hotel-Tallinn.jpg"},{"@type":"BreadcrumbList","@id":"https:\/\/cruhotel.eu\/fi\/ravintola-cru\/#breadcrumb","itemListElement":[{"@type":"ListItem","position":1,"name":"Home","item":"https:\/\/cruhotel.eu\/fi\/"},{"@type":"ListItem","position":2,"name":"Ravintola"}]},{"@type":"WebSite","@id":"https:\/\/cruhotel.eu\/#website","url":"https:\/\/cruhotel.eu\/","name":"CRU Hotelli","description":"J\u00e4rjekordne WordPressi veebileht","potentialAction":[{"@type":"SearchAction","target":{"@type":"EntryPoint","urlTemplate":"https:\/\/cruhotel.eu\/?s={search_term_string}"},"query-input":{"@type":"PropertyValueSpecification","valueRequired":true,"valueName":"search_term_string"}}],"inLanguage":"fi"}]}},"_links":{"self":[{"href":"https:\/\/cruhotel.eu\/fi\/wp-json\/wp\/v2\/pages\/532","targetHints":{"allow":["GET"]}}],"collection":[{"href":"https:\/\/cruhotel.eu\/fi\/wp-json\/wp\/v2\/pages"}],"about":[{"href":"https:\/\/cruhotel.eu\/fi\/wp-json\/wp\/v2\/types\/page"}],"author":[{"embeddable":true,"href":"https:\/\/cruhotel.eu\/fi\/wp-json\/wp\/v2\/users\/2"}],"replies":[{"embeddable":true,"href":"https:\/\/cruhotel.eu\/fi\/wp-json\/wp\/v2\/comments?post=532"}],"version-history":[{"count":10,"href":"https:\/\/cruhotel.eu\/fi\/wp-json\/wp\/v2\/pages\/532\/revisions"}],"predecessor-version":[{"id":1932,"href":"https:\/\/cruhotel.eu\/fi\/wp-json\/wp\/v2\/pages\/532\/revisions\/1932"}],"wp:attachment":[{"href":"https:\/\/cruhotel.eu\/fi\/wp-json\/wp\/v2\/media?parent=532"}],"curies":[{"name":"wp","href":"https:\/\/api.w.org\/{rel}","templated":true}]}}