{"id":800,"date":"2023-03-02T15:31:18","date_gmt":"2023-03-02T15:31:18","guid":{"rendered":"https:\/\/cruhotel.eu\/?page_id=800"},"modified":"2023-03-27T17:27:57","modified_gmt":"2023-03-27T17:27:57","slug":"tarjoukset-cru-hotelli-tallinna","status":"publish","type":"page","link":"https:\/\/cruhotel.eu\/fi\/tarjoukset-cru-hotelli-tallinna\/","title":{"rendered":"Tarjoukset !"},"content":{"rendered":"\n<div class=\"wp-block-cover alignfull is-light has-custom-content-position is-position-bottom-center\" style=\"min-height:300px;aspect-ratio:unset;\"><span aria-hidden=\"true\" class=\"wp-block-cover__background has-background-dim-20 has-background-dim\" style=\"background-color:#e84124\"><\/span><img loading=\"lazy\" decoding=\"async\" width=\"2133\" height=\"1600\" class=\"wp-block-cover__image-background wp-image-53\" alt=\"\" src=\"https:\/\/cruhotel.eu\/wp-content\/uploads\/2021\/08\/reception-Cru-hotel-Tallinn.jpg\" style=\"object-position:35% 89%\" data-object-fit=\"cover\" data-object-position=\"35% 89%\" srcset=\"https:\/\/cruhotel.eu\/wp-content\/uploads\/2021\/08\/reception-Cru-hotel-Tallinn.jpg 2133w, https:\/\/cruhotel.eu\/wp-content\/uploads\/2021\/08\/reception-Cru-hotel-Tallinn-300x225.jpg 300w, https:\/\/cruhotel.eu\/wp-content\/uploads\/2021\/08\/reception-Cru-hotel-Tallinn-1024x768.jpg 1024w, https:\/\/cruhotel.eu\/wp-content\/uploads\/2021\/08\/reception-Cru-hotel-Tallinn-768x576.jpg 768w, https:\/\/cruhotel.eu\/wp-content\/uploads\/2021\/08\/reception-Cru-hotel-Tallinn-1536x1152.jpg 1536w, https:\/\/cruhotel.eu\/wp-content\/uploads\/2021\/08\/reception-Cru-hotel-Tallinn-2048x1536.jpg 2048w\" sizes=\"auto, (max-width: 2133px) 100vw, 2133px\" \/><div class=\"wp-block-cover__inner-container is-layout-flow wp-block-cover-is-layout-flow\">\n<h1 class=\"has-text-align-center wp-block-heading\">TARJOUKSET<\/h1>\n\n\n\n<p><\/p>\n<\/div><\/div>\n\n\n\n<p class=\"has-text-align-center has-background has-normal-font-size\" style=\"background-color:#e2e2e2\">Olemme valmistelleet sinulle erilaisia \u200b\u200bpaketteja ja tarjouksia, jotta voit nauttia Tallinnan kauniista vanhastakaupungista parhaalla mahdollisella tavalla.<\/p>\n\n\n\n<div class=\"wp-block-columns alignwide is-layout-flex wp-container-core-columns-is-layout-9d6595d7 wp-block-columns-is-layout-flex\">\n<div class=\"wp-block-column is-layout-flow wp-block-column-is-layout-flow\">\n<h2 class=\"wp-block-heading\">Y\u00d6VY 2 Y\u00d6T\u00c4 JA S\u00c4\u00c4ST\u00c4 15%<\/h2>\n\n\n\n<p>Naudi 2-\u00f6ist majutust CRU Hotellis tavap\u00e4rasest p\u00e4evahinnast 15% soodsamalt!<\/p>\n\n\n\n<p><\/p>\n\n\n\n<h3 class=\"wp-block-heading\">Hinta sis\u00e4lt\u00e4\u00e4:<\/h3>\n\n\n\n<ul class=\"wp-block-list\"><li>Majoitus CRU Hotellissa kaksi y\u00f6t\u00e4<\/li><li>Aamiainen CRU ravintolassa<\/li><li>Langaton internetyhteys hotellin huoneessa<\/li><li>Pakihoid<\/li><li>Tallelokero<\/li><li>VAT 9%<\/li><\/ul>\n\n\n\n<p><strong>Tingimused:<\/strong><\/p>\n\n\n\n<ul class=\"wp-block-list\"><li>Pakkumine kehtib vabade tubade olemasolul.<\/li><li>Broneering on t\u00fchistatav ja muudetav 48 tundi enne sisseregistreerimist.<\/li><li>Pakkumine kehtib vaid CRU Hotelli kodulehe kaudu broneerimisel.<\/li><\/ul>\n\n\n\n<div class=\"wp-block-buttons is-layout-flex wp-block-buttons-is-layout-flex\"><div class=\"wp-block-button-wrapper\">\n<div class=\"wp-block-button is-style-fill\"><a class=\"wp-block-button__link has-white-color has-text-color has-background\" href=\"https:\/\/hotels.cloudbeds.com\/et\/reservation\/1F4kyz\" style=\"background-color:#e84124\">Varaa online<\/a><\/div>\n<\/div><\/div>\n<\/div>\n\n\n\n<div class=\"wp-block-column is-layout-flow wp-block-column-is-layout-flow\">\n<h2 class=\"wp-block-heading\">Y\u00d6VY 3 Y\u00d6T\u00c4 JA S\u00c4\u00c4ST\u00c4 20%<\/h2>\n\n\n\n<p>Naudi kolme v\u00f5i enama \u00f6ist majutust CRU Hotellis tavap\u00e4rasest p\u00e4evahinnast 20% soodsamalt.<\/p>\n\n\n\n<h3 class=\"wp-block-heading\">Hinta sis\u00e4lt\u00e4\u00e4:<\/h3>\n\n\n\n<ul class=\"wp-block-list\"><li>Majoitus Cru Hotellissa alkaen kolme y\u00f6t\u00e4<\/li><li>Aamiainen CRU ravintolassa<\/li><li>Langaton internetyhteys hotellin huoneessa<\/li><li>Pakihoid<\/li><li>Tallelokero<\/li><li>VAT 9%<\/li><\/ul>\n\n\n\n<p><strong>Tingimused:<\/strong><\/p>\n\n\n\n<ul class=\"wp-block-list\"><li>Pakkumine kehtib vabade tubade olemasolul.<\/li><li>Broneering on t\u00fchistatav ja muudetav 48 tundi enne sisseregistreerimist.<\/li><li>Pakkumine kehtib vaid CRU Hotelli kodulehe kaudu broneerimisel.<\/li><\/ul>\n\n\n\n<div class=\"wp-block-buttons is-layout-flex wp-block-buttons-is-layout-flex\"><div class=\"wp-block-button-wrapper\">\n<div class=\"wp-block-button is-style-fill\"><a class=\"wp-block-button__link has-white-color has-text-color has-background\" href=\"https:\/\/hotels.cloudbeds.com\/et\/reservation\/1F4kyz\" style=\"background-color:#e84124\">Varaa online<\/a><\/div>\n<\/div><\/div>\n<\/div>\n<\/div>\n","protected":false},"excerpt":{"rendered":"<p>Olemme valmistelleet sinulle erilaisia \u200b\u200bpaketteja ja tarjouksia, jotta voit nauttia Tallinnan kauniista vanhastakaupungista parhaalla mahdollisella tavalla. Y\u00d6VY 2 Y\u00d6T\u00c4 JA S\u00c4\u00c4ST\u00c4 15% Naudi 2-\u00f6ist majutust CRU Hotellis tavap\u00e4rasest p\u00e4evahinnast 15% soodsamalt! Hinta sis\u00e4lt\u00e4\u00e4: Majoitus CRU Hotellissa kaksi y\u00f6t\u00e4 Aamiainen CRU ravintolassa Langaton internetyhteys hotellin huoneessa Pakihoid Tallelokero VAT 9% Tingimused: Pakkumine kehtib vabade tubade olemasolul. [&hellip;]<\/p>\n","protected":false},"author":3,"featured_media":0,"parent":0,"menu_order":0,"comment_status":"closed","ping_status":"closed","template":"","meta":{"footnotes":""},"class_list":["post-800","page","type-page","status-publish","hentry"],"yoast_head":"<!-- This site is optimized with the Yoast SEO plugin v26.0 - https:\/\/yoast.com\/wordpress\/plugins\/seo\/ -->\n<title>Tarjoukset ! - CRU Hotelli<\/title>\n<meta name=\"description\" content=\"Cru hotelli Tallinna, erikois tarjoukset, paketit ja paras hinta. Y\u00f6vy kaksi tai kolme y\u00f6t\u00e4 ja s\u00e4\u00e4st\u00e4.Viru kadun vanhin talo ja hotelli.\" \/>\n<meta name=\"robots\" content=\"index, follow, max-snippet:-1, max-image-preview:large, max-video-preview:-1\" \/>\n<link rel=\"canonical\" href=\"https:\/\/cruhotel.eu\/fi\/tarjoukset-cru-hotelli-tallinna\/\" \/>\n<meta property=\"og:locale\" content=\"fi_FI\" \/>\n<meta property=\"og:type\" content=\"article\" \/>\n<meta property=\"og:title\" content=\"Tarjoukset ! - CRU Hotelli\" \/>\n<meta property=\"og:description\" content=\"Cru hotelli Tallinna, erikois tarjoukset, paketit ja paras hinta. Y\u00f6vy kaksi tai kolme y\u00f6t\u00e4 ja s\u00e4\u00e4st\u00e4.Viru kadun vanhin talo ja hotelli.\" \/>\n<meta property=\"og:url\" content=\"https:\/\/cruhotel.eu\/fi\/tarjoukset-cru-hotelli-tallinna\/\" \/>\n<meta property=\"og:site_name\" content=\"CRU Hotelli\" \/>\n<meta property=\"article:publisher\" content=\"https:\/\/www.facebook.com\/Hotel-CRU-100404565031582\" \/>\n<meta property=\"article:modified_time\" content=\"2023-03-27T17:27:57+00:00\" \/>\n<meta property=\"og:image\" content=\"https:\/\/cruhotel.eu\/wp-content\/uploads\/2021\/08\/reception-Cru-hotel-Tallinn.jpg\" \/>\n<meta name=\"twitter:card\" content=\"summary_large_image\" \/>\n<meta name=\"twitter:label1\" content=\"Arvioitu lukuaika\" \/>\n\t<meta name=\"twitter:data1\" content=\"1 minuutti\" \/>\n<script type=\"application\/ld+json\" class=\"yoast-schema-graph\">{\"@context\":\"https:\/\/schema.org\",\"@graph\":[{\"@type\":\"WebPage\",\"@id\":\"https:\/\/cruhotel.eu\/fi\/tarjoukset-cru-hotelli-tallinna\/\",\"url\":\"https:\/\/cruhotel.eu\/fi\/tarjoukset-cru-hotelli-tallinna\/\",\"name\":\"Tarjoukset ! - CRU Hotelli\",\"isPartOf\":{\"@id\":\"https:\/\/cruhotel.eu\/#website\"},\"primaryImageOfPage\":{\"@id\":\"https:\/\/cruhotel.eu\/fi\/tarjoukset-cru-hotelli-tallinna\/#primaryimage\"},\"image\":{\"@id\":\"https:\/\/cruhotel.eu\/fi\/tarjoukset-cru-hotelli-tallinna\/#primaryimage\"},\"thumbnailUrl\":\"https:\/\/cruhotel.eu\/wp-content\/uploads\/2021\/08\/reception-Cru-hotel-Tallinn.jpg\",\"datePublished\":\"2023-03-02T15:31:18+00:00\",\"dateModified\":\"2023-03-27T17:27:57+00:00\",\"description\":\"Cru hotelli Tallinna, erikois tarjoukset, paketit ja paras hinta. Y\u00f6vy kaksi tai kolme y\u00f6t\u00e4 ja s\u00e4\u00e4st\u00e4.Viru kadun vanhin talo ja hotelli.\",\"breadcrumb\":{\"@id\":\"https:\/\/cruhotel.eu\/fi\/tarjoukset-cru-hotelli-tallinna\/#breadcrumb\"},\"inLanguage\":\"fi\",\"potentialAction\":[{\"@type\":\"ReadAction\",\"target\":[\"https:\/\/cruhotel.eu\/fi\/tarjoukset-cru-hotelli-tallinna\/\"]}]},{\"@type\":\"ImageObject\",\"inLanguage\":\"fi\",\"@id\":\"https:\/\/cruhotel.eu\/fi\/tarjoukset-cru-hotelli-tallinna\/#primaryimage\",\"url\":\"https:\/\/cruhotel.eu\/wp-content\/uploads\/2021\/08\/reception-Cru-hotel-Tallinn.jpg\",\"contentUrl\":\"https:\/\/cruhotel.eu\/wp-content\/uploads\/2021\/08\/reception-Cru-hotel-Tallinn.jpg\"},{\"@type\":\"BreadcrumbList\",\"@id\":\"https:\/\/cruhotel.eu\/fi\/tarjoukset-cru-hotelli-tallinna\/#breadcrumb\",\"itemListElement\":[{\"@type\":\"ListItem\",\"position\":1,\"name\":\"Home\",\"item\":\"https:\/\/cruhotel.eu\/fi\/\"},{\"@type\":\"ListItem\",\"position\":2,\"name\":\"Tarjoukset !\"}]},{\"@type\":\"WebSite\",\"@id\":\"https:\/\/cruhotel.eu\/#website\",\"url\":\"https:\/\/cruhotel.eu\/\",\"name\":\"CRU Hotelli\",\"description\":\"J\u00e4rjekordne WordPressi veebileht\",\"potentialAction\":[{\"@type\":\"SearchAction\",\"target\":{\"@type\":\"EntryPoint\",\"urlTemplate\":\"https:\/\/cruhotel.eu\/?s={search_term_string}\"},\"query-input\":{\"@type\":\"PropertyValueSpecification\",\"valueRequired\":true,\"valueName\":\"search_term_string\"}}],\"inLanguage\":\"fi\"}]}<\/script>\n<!-- \/ Yoast SEO plugin. -->","yoast_head_json":{"title":"Tarjoukset ! - CRU Hotelli","description":"Cru hotelli Tallinna, erikois tarjoukset, paketit ja paras hinta. Y\u00f6vy kaksi tai kolme y\u00f6t\u00e4 ja s\u00e4\u00e4st\u00e4.Viru kadun vanhin talo ja hotelli.","robots":{"index":"index","follow":"follow","max-snippet":"max-snippet:-1","max-image-preview":"max-image-preview:large","max-video-preview":"max-video-preview:-1"},"canonical":"https:\/\/cruhotel.eu\/fi\/tarjoukset-cru-hotelli-tallinna\/","og_locale":"fi_FI","og_type":"article","og_title":"Tarjoukset ! - CRU Hotelli","og_description":"Cru hotelli Tallinna, erikois tarjoukset, paketit ja paras hinta. Y\u00f6vy kaksi tai kolme y\u00f6t\u00e4 ja s\u00e4\u00e4st\u00e4.Viru kadun vanhin talo ja hotelli.","og_url":"https:\/\/cruhotel.eu\/fi\/tarjoukset-cru-hotelli-tallinna\/","og_site_name":"CRU Hotelli","article_publisher":"https:\/\/www.facebook.com\/Hotel-CRU-100404565031582","article_modified_time":"2023-03-27T17:27:57+00:00","og_image":[{"url":"https:\/\/cruhotel.eu\/wp-content\/uploads\/2021\/08\/reception-Cru-hotel-Tallinn.jpg","type":"","width":"","height":""}],"twitter_card":"summary_large_image","twitter_misc":{"Arvioitu lukuaika":"1 minuutti"},"schema":{"@context":"https:\/\/schema.org","@graph":[{"@type":"WebPage","@id":"https:\/\/cruhotel.eu\/fi\/tarjoukset-cru-hotelli-tallinna\/","url":"https:\/\/cruhotel.eu\/fi\/tarjoukset-cru-hotelli-tallinna\/","name":"Tarjoukset ! - CRU Hotelli","isPartOf":{"@id":"https:\/\/cruhotel.eu\/#website"},"primaryImageOfPage":{"@id":"https:\/\/cruhotel.eu\/fi\/tarjoukset-cru-hotelli-tallinna\/#primaryimage"},"image":{"@id":"https:\/\/cruhotel.eu\/fi\/tarjoukset-cru-hotelli-tallinna\/#primaryimage"},"thumbnailUrl":"https:\/\/cruhotel.eu\/wp-content\/uploads\/2021\/08\/reception-Cru-hotel-Tallinn.jpg","datePublished":"2023-03-02T15:31:18+00:00","dateModified":"2023-03-27T17:27:57+00:00","description":"Cru hotelli Tallinna, erikois tarjoukset, paketit ja paras hinta. Y\u00f6vy kaksi tai kolme y\u00f6t\u00e4 ja s\u00e4\u00e4st\u00e4.Viru kadun vanhin talo ja hotelli.","breadcrumb":{"@id":"https:\/\/cruhotel.eu\/fi\/tarjoukset-cru-hotelli-tallinna\/#breadcrumb"},"inLanguage":"fi","potentialAction":[{"@type":"ReadAction","target":["https:\/\/cruhotel.eu\/fi\/tarjoukset-cru-hotelli-tallinna\/"]}]},{"@type":"ImageObject","inLanguage":"fi","@id":"https:\/\/cruhotel.eu\/fi\/tarjoukset-cru-hotelli-tallinna\/#primaryimage","url":"https:\/\/cruhotel.eu\/wp-content\/uploads\/2021\/08\/reception-Cru-hotel-Tallinn.jpg","contentUrl":"https:\/\/cruhotel.eu\/wp-content\/uploads\/2021\/08\/reception-Cru-hotel-Tallinn.jpg"},{"@type":"BreadcrumbList","@id":"https:\/\/cruhotel.eu\/fi\/tarjoukset-cru-hotelli-tallinna\/#breadcrumb","itemListElement":[{"@type":"ListItem","position":1,"name":"Home","item":"https:\/\/cruhotel.eu\/fi\/"},{"@type":"ListItem","position":2,"name":"Tarjoukset !"}]},{"@type":"WebSite","@id":"https:\/\/cruhotel.eu\/#website","url":"https:\/\/cruhotel.eu\/","name":"CRU Hotelli","description":"J\u00e4rjekordne WordPressi veebileht","potentialAction":[{"@type":"SearchAction","target":{"@type":"EntryPoint","urlTemplate":"https:\/\/cruhotel.eu\/?s={search_term_string}"},"query-input":{"@type":"PropertyValueSpecification","valueRequired":true,"valueName":"search_term_string"}}],"inLanguage":"fi"}]}},"_links":{"self":[{"href":"https:\/\/cruhotel.eu\/fi\/wp-json\/wp\/v2\/pages\/800","targetHints":{"allow":["GET"]}}],"collection":[{"href":"https:\/\/cruhotel.eu\/fi\/wp-json\/wp\/v2\/pages"}],"about":[{"href":"https:\/\/cruhotel.eu\/fi\/wp-json\/wp\/v2\/types\/page"}],"author":[{"embeddable":true,"href":"https:\/\/cruhotel.eu\/fi\/wp-json\/wp\/v2\/users\/3"}],"replies":[{"embeddable":true,"href":"https:\/\/cruhotel.eu\/fi\/wp-json\/wp\/v2\/comments?post=800"}],"version-history":[{"count":5,"href":"https:\/\/cruhotel.eu\/fi\/wp-json\/wp\/v2\/pages\/800\/revisions"}],"predecessor-version":[{"id":1206,"href":"https:\/\/cruhotel.eu\/fi\/wp-json\/wp\/v2\/pages\/800\/revisions\/1206"}],"wp:attachment":[{"href":"https:\/\/cruhotel.eu\/fi\/wp-json\/wp\/v2\/media?parent=800"}],"curies":[{"name":"wp","href":"https:\/\/api.w.org\/{rel}","templated":true}]}}