{"id":959,"date":"2022-03-03T13:08:03","date_gmt":"2022-03-03T13:08:03","guid":{"rendered":"https:\/\/cruhotel.eu\/andmete-tootlemine\/"},"modified":"2022-03-03T13:21:48","modified_gmt":"2022-03-03T13:21:48","slug":"henkilotietojen-kasittelya-koskevat-ja-evasteiden-kayton-periaatteet","status":"publish","type":"page","link":"https:\/\/cruhotel.eu\/fi\/henkilotietojen-kasittelya-koskevat-ja-evasteiden-kayton-periaatteet\/","title":{"rendered":"Henkil\u00f6tietojen k\u00e4sittely\u00e4 koskevat ja ev\u00e4steiden k\u00e4yt\u00f6n periaatteet"},"content":{"rendered":"\n<div class=\"wp-block-cover alignfull is-light has-custom-content-position is-position-bottom-center\" style=\"min-height:300px;aspect-ratio:unset;\"><span aria-hidden=\"true\" class=\"has-background-dim-20 wp-block-cover__gradient-background has-background-dim\" style=\"background-color:#e84124\"><\/span><img loading=\"lazy\" decoding=\"async\" width=\"2133\" height=\"1600\" class=\"wp-block-cover__image-background wp-image-53\" alt=\"\" src=\"https:\/\/cruhotel.eu\/wp-content\/uploads\/2021\/08\/reception-Cru-hotel-Tallinn.jpg\" style=\"object-position:49% 97%\" data-object-fit=\"cover\" data-object-position=\"49% 97%\" srcset=\"https:\/\/cruhotel.eu\/wp-content\/uploads\/2021\/08\/reception-Cru-hotel-Tallinn.jpg 2133w, https:\/\/cruhotel.eu\/wp-content\/uploads\/2021\/08\/reception-Cru-hotel-Tallinn-300x225.jpg 300w, https:\/\/cruhotel.eu\/wp-content\/uploads\/2021\/08\/reception-Cru-hotel-Tallinn-1024x768.jpg 1024w, https:\/\/cruhotel.eu\/wp-content\/uploads\/2021\/08\/reception-Cru-hotel-Tallinn-768x576.jpg 768w, https:\/\/cruhotel.eu\/wp-content\/uploads\/2021\/08\/reception-Cru-hotel-Tallinn-1536x1152.jpg 1536w, https:\/\/cruhotel.eu\/wp-content\/uploads\/2021\/08\/reception-Cru-hotel-Tallinn-2048x1536.jpg 2048w\" sizes=\"auto, (max-width: 2133px) 100vw, 2133px\" \/><div class=\"wp-block-cover__inner-container is-layout-flow wp-block-cover-is-layout-flow\">\n<h1 class=\"has-text-align-center has-white-color has-text-color wp-block-heading\" style=\"text-transform:uppercase\">Henkil\u00f6tietojen k\u00e4sittely\u00e4 koskevat ja ev\u00e4steiden k\u00e4yt\u00f6n periaatteet<\/h1>\n<\/div><\/div>\n\n\n\n<div class=\"wp-block-columns alignwide is-layout-flex wp-container-core-columns-is-layout-9d6595d7 wp-block-columns-is-layout-flex\">\n<div class=\"wp-block-column is-layout-flow wp-block-column-is-layout-flow\">\n<h2 class=\"wp-block-heading\">Henkil\u00f6tietojen k\u00e4sittely\u00e4 koskevat periaatteet<\/h2>\n\n\n\n<p>1.1. Henkil\u00f6tietojen k\u00e4sittely\u00e4 koskevat periaatteet ovat voimassa \u0421ru hotelli verkkosivujen K\u00e4ytt\u00e4jille.<\/p>\n\n\n\n<p>Yrityksemme k\u00e4sittelee henkil\u00f6tietojasi ainoastaan palvelujen tarjoamisen (kokoustilan, kylpyl\u00e4hoidon tai p\u00f6yd\u00e4n varaamisen tai uutiskirjeen tilaamisen) yhteydess\u00e4. Emme luovuta, myy tai julkista henkil\u00f6tietojasi kolmansille osapuolille ilman etuk\u00e4teissuostumustasi, ellei lains\u00e4\u00e4d\u00e4nt\u00f6 toisin edellyt\u00e4.<\/p>\n\n\n\n<p><strong>Tiedonkeruu<br><\/strong>Kokoustilan\/kylpyl\u00e4palvelun tilauslomakkeen t\u00e4ytt\u00e4misen yhteydess\u00e4 ker\u00e4tyt tiedot.<\/p>\n\n\n\n<p>1.2. Kokoustilan\/kylpyl\u00e4palvelun Tilaajan tilauslomakkeissa esitt\u00e4m\u00e4t tiedot ovat joko pakollisia tai vapaaehtoisia.<br>1.3. Pakollisina tietoina Tilaajan on esitett\u00e4v\u00e4 seuraavat tiedot:<br>1.3.1. Koko nimi \u2015 tarvitaan varauksen k\u00e4sittelemiseen ja vahvistamiseen;<br>1.3.2. S\u00e4hk\u00f6postiosoite \u2015 tarvitaan varauksen k\u00e4sittelemiseen ja vahvistamiseen sek\u00e4 tarvittaessa laskun l\u00e4hett\u00e4miseen;<br>1.3.3. Puhelinnumero \u2015 tarvitaan varauksen k\u00e4sittelemiseen ja vahvistamiseen sek\u00e4 palvelujen tarjoamiseen, mukaan lukien palveluh\u00e4iri\u00f6ist\u00e4 ilmoittamiseen.<\/p>\n\n\n\n<p><strong>Uutiskirjeen tilauksen yhteydess\u00e4 ker\u00e4tyt tiedot<\/strong><\/p>\n\n\n\n<p>1.4. Pakollisina tietoina Tilaajan on esitett\u00e4v\u00e4 seuraavat tiedot:<br>1.4.1. S\u00e4hk\u00f6postiosoite \u2013 tarvitaan uutiskirjeen tilaamiseen.<br>1.5. Tilaaja antaa suostumuksensa yhteystietojensa k\u00e4ytt\u00e4miseen suoramarkkinointitarkoituksessa, jolloin h\u00e4nelle l\u00e4hetet\u00e4\u00e4n markkinointiviestej\u00e4 h\u00e4nen ilmoittamiensa yhteystietojen kautta.<br>1.6. Tilaajalla on oikeus milloin tahansa peruuttaa suoramarkkinointiviestien vastaanottaminen. Ohjeet vastaanottamisen peruuttamiseen annetaan jokaisen viestin yhteydess\u00e4.<br>1.7. Vastaava asiakastietojen k\u00e4sittelij\u00e4 on Cru hotelli, osoite Viru t\u00e4nav 8, Tallinn, Viro.<\/p>\n\n\n\n<p><strong>Tietojen s\u00e4ilytt\u00e4misaika<\/strong><\/p>\n\n\n\n<p>1.8. Cru hotelli s\u00e4ilytt\u00e4\u00e4 tietoja niin kauan, kuin niit\u00e4 tarvitaan tietojen k\u00e4ytt\u00f6tarkoituksen saavuttamiseksi tai lakiin perustuvan vaateen vanhenemisaikaan saakka ja lakiin perustuvan asiakirjan s\u00e4ilytysajan p\u00e4\u00e4ttymiseen saakka (arvonlis\u00e4verolain ja kirjanpitolain mukaisesti 7 vuotta).<\/p>\n\n\n\n<p><strong>Asiakkaan oikeudet tietojen k\u00e4ytt\u00f6\u00f6n liittyen<\/strong><\/p>\n\n\n\n<p>1.9. Tilaajalla on oikeus saada Cru hotelli tietoja itseens\u00e4 liittyvien tietojen k\u00e4yt\u00f6st\u00e4 laissa s\u00e4\u00e4detyll\u00e4 tavalla ja laajuudessa.<br>1.10. Tilaajalla on oikeus vaatia Cru hotelli omien tietojen k\u00e4yt\u00f6n lopettamista ja tietojen oikaisua, sulkemista ja poistamista.<br>1.11. Tilaajalla on oikeus suostua tai kielt\u00e4\u00e4 omien tietojensa k\u00e4ytt\u00f6 suoramarkkinointi- tai mainostarkoituksessa.<br>1.12. Tilaajalla on oikeus k\u00e4\u00e4nty\u00e4 oikeuksiensa puolustamiseksi tietosuojaviraston ja tuomioistuimen puoleen.<br>1.13. Henkil\u00f6tietoihin liittyviss\u00e4 asioissa sinulla on oikeus saada lis\u00e4tietoja s\u00e4hk\u00f6postitse osoitteesta <a href=\"mailto:cruhotel@cruhotel.eu\" target=\"_blank\" rel=\"noreferrer noopener\">cruhotel@cruhotel.eu<\/a> tai puhelimitse numerosta +372 611 7600.<\/p>\n<\/div>\n\n\n\n<div class=\"wp-block-column is-layout-flow wp-block-column-is-layout-flow\">\n<h2 class=\"wp-block-heading\">Ev\u00e4steiden k\u00e4yt\u00f6n periaatteet<\/h2>\n\n\n\n<p><strong>Ev\u00e4steiden k\u00e4ytt\u00f6<\/strong><\/p>\n\n\n\n<p>2.1. K\u00e4ytt\u00e4jien parempaa palvelua varten k\u00e4ytt\u00e4v\u00e4t Cru hotelli verkkosivut ev\u00e4steit\u00e4 eli cookies\u2019eja.<br>2.2. Cru hotelli kuuluvat verkkotunnukset voivat sis\u00e4lt\u00e4\u00e4 mm. elementin, joka tallentaa ev\u00e4steet kolmansien henkil\u00f6iden nimiss\u00e4.<\/p>\n\n\n\n<p><strong>Ev\u00e4steist\u00e4 kielt\u00e4ytyminen<\/strong><\/p>\n\n\n\n<p>2.3. K\u00e4ytt\u00e4j\u00e4ll\u00e4 on oikeus kielt\u00e4yty\u00e4 ev\u00e4steiden tallettamisesta tietokoneelleen. T\u00e4ss\u00e4 tapauksessa tilaajan on muutettava verkkoselaimensa asetuksia.<br>2.4. Erityyppiset verkkoselaimet k\u00e4ytt\u00e4v\u00e4t ev\u00e4steiden kielt\u00e4miseksi erilaisia menetelmi\u00e4. Tarkempaa tietoa l\u00f6ytyy verkkosivuilta.<br>2.5. Ev\u00e4steet est\u00e4ess\u00e4\u00e4n on k\u00e4ytt\u00e4j\u00e4n otettava huomioon, ett\u00e4 kaikki verkkosivun toiminnot eiv\u00e4t sen j\u00e4lkeen ole v\u00e4ltt\u00e4m\u00e4tt\u00e4 en\u00e4\u00e4 k\u00e4ytt\u00e4j\u00e4n k\u00e4ytett\u00e4viss\u00e4.<\/p>\n\n\n\n<p><strong>Mik\u00e4 on ev\u00e4ste eli cookie?<\/strong><\/p>\n\n\n\n<p>2.6. Ev\u00e4ste on tekstitiedosto, jonka l\u00e4hett\u00e4v\u00e4t ja tallentavat k\u00e4ytt\u00e4j\u00e4n tietokoneeseen verkkosivut, joilla k\u00e4ytt\u00e4j\u00e4 vierailee. Ev\u00e4ste tallennetaan k\u00e4ytt\u00e4j\u00e4n verkkoselaimen tiedostoluetteloon. Mik\u00e4li k\u00e4ytt\u00e4j\u00e4 on k\u00e4ynyt verkkosivuilla aiemmin, lukee verkkoselain ev\u00e4stett\u00e4 ja l\u00e4hett\u00e4\u00e4 vastaavan tiedon verkkosivulle tai elementille, joka ev\u00e4steen alun perin tallensi. Lis\u00e4tietoa ev\u00e4steist\u00e4 on saatavilla verkkosivuilla.<br>2.7. Ev\u00e4steiden avulla voidaan seurata verkkosivujen k\u00e4ytt\u00f6tilastoja, otsikoiden suosiota ja muita verkkosivulla teht\u00e4vi\u00e4 toimenpiteit\u00e4. Ev\u00e4steist\u00e4 saatavia tietoja k\u00e4ytet\u00e4\u00e4n verkkosivujen k\u00e4ytt\u00f6mukavuuden ja sis\u00e4ll\u00f6n parantamiseksi.<\/p>\n\n\n\n<p><strong>Verkkosivuilla k\u00e4ytett\u00e4vien ev\u00e4steiden tyyppej\u00e4<\/strong><\/p>\n\n\n\n<p>2.8. Pysyv\u00e4t ev\u00e4steet ovat hyvin t\u00e4rkeit\u00e4 verkkosivuilla liikkumista ja sen toimintojen k\u00e4ytt\u00e4mist\u00e4 varten. Pysyvien ev\u00e4steiden puuttuessa ei k\u00e4ytt\u00e4j\u00e4 voisi k\u00e4ytt\u00e4\u00e4 kaikkia verkkosivujen toimintoja.<br>2.9. Istuntokohtaiset ev\u00e4steet auttavat verkkosivua muistamaan k\u00e4ytt\u00e4j\u00e4n aiemmin tekem\u00e4t valinnat (esimerkiksi k\u00e4ytt\u00e4j\u00e4nimi, kielivalinta jne.) ja tarjoamaan sen avulla tehokkaampia ja henkil\u00f6kohtaisempia toimintoja.<br>2.10. Seurantaev\u00e4steet ker\u00e4\u00e4v\u00e4t tietoja k\u00e4ytt\u00e4j\u00e4n k\u00e4ytt\u00e4ytymisest\u00e4 verkkosivulla. Seurantaev\u00e4steest\u00e4 saatavilla tiedoilla autetaan parantamaan verkkosivujen k\u00e4ytt\u00f6mukavuutta.<\/p>\n<\/div>\n<\/div>\n","protected":false},"excerpt":{"rendered":"<p>Henkil\u00f6tietojen k\u00e4sittely\u00e4 koskevat periaatteet 1.1. Henkil\u00f6tietojen k\u00e4sittely\u00e4 koskevat periaatteet ovat voimassa \u0421ru hotelli verkkosivujen K\u00e4ytt\u00e4jille. Yrityksemme k\u00e4sittelee henkil\u00f6tietojasi ainoastaan palvelujen tarjoamisen (kokoustilan, kylpyl\u00e4hoidon tai p\u00f6yd\u00e4n varaamisen tai uutiskirjeen tilaamisen) yhteydess\u00e4. Emme luovuta, myy tai julkista henkil\u00f6tietojasi kolmansille osapuolille ilman etuk\u00e4teissuostumustasi, ellei lains\u00e4\u00e4d\u00e4nt\u00f6 toisin edellyt\u00e4. TiedonkeruuKokoustilan\/kylpyl\u00e4palvelun tilauslomakkeen t\u00e4ytt\u00e4misen yhteydess\u00e4 ker\u00e4tyt tiedot. 1.2. Kokoustilan\/kylpyl\u00e4palvelun Tilaajan tilauslomakkeissa esitt\u00e4m\u00e4t [&hellip;]<\/p>\n","protected":false},"author":2,"featured_media":0,"parent":0,"menu_order":0,"comment_status":"closed","ping_status":"closed","template":"","meta":{"footnotes":""},"class_list":["post-959","page","type-page","status-publish","hentry"],"yoast_head":"<!-- This site is optimized with the Yoast SEO plugin v26.0 - https:\/\/yoast.com\/wordpress\/plugins\/seo\/ -->\n<title>Henkil\u00f6tietojen k\u00e4sittely\u00e4 koskevat ja ev\u00e4steiden k\u00e4yt\u00f6n periaatteet - CRU Hotelli<\/title>\n<meta name=\"robots\" content=\"index, follow, max-snippet:-1, max-image-preview:large, max-video-preview:-1\" \/>\n<link rel=\"canonical\" href=\"https:\/\/cruhotel.eu\/fi\/henkilotietojen-kasittelya-koskevat-ja-evasteiden-kayton-periaatteet\/\" \/>\n<meta property=\"og:locale\" content=\"fi_FI\" \/>\n<meta property=\"og:type\" content=\"article\" \/>\n<meta property=\"og:title\" content=\"Henkil\u00f6tietojen k\u00e4sittely\u00e4 koskevat ja ev\u00e4steiden k\u00e4yt\u00f6n periaatteet - CRU Hotelli\" \/>\n<meta property=\"og:description\" content=\"Henkil\u00f6tietojen k\u00e4sittely\u00e4 koskevat periaatteet 1.1. Henkil\u00f6tietojen k\u00e4sittely\u00e4 koskevat periaatteet ovat voimassa \u0421ru hotelli verkkosivujen K\u00e4ytt\u00e4jille. Yrityksemme k\u00e4sittelee henkil\u00f6tietojasi ainoastaan palvelujen tarjoamisen (kokoustilan, kylpyl\u00e4hoidon tai p\u00f6yd\u00e4n varaamisen tai uutiskirjeen tilaamisen) yhteydess\u00e4. Emme luovuta, myy tai julkista henkil\u00f6tietojasi kolmansille osapuolille ilman etuk\u00e4teissuostumustasi, ellei lains\u00e4\u00e4d\u00e4nt\u00f6 toisin edellyt\u00e4. TiedonkeruuKokoustilan\/kylpyl\u00e4palvelun tilauslomakkeen t\u00e4ytt\u00e4misen yhteydess\u00e4 ker\u00e4tyt tiedot. 1.2. Kokoustilan\/kylpyl\u00e4palvelun Tilaajan tilauslomakkeissa esitt\u00e4m\u00e4t [&hellip;]\" \/>\n<meta property=\"og:url\" content=\"https:\/\/cruhotel.eu\/fi\/henkilotietojen-kasittelya-koskevat-ja-evasteiden-kayton-periaatteet\/\" \/>\n<meta property=\"og:site_name\" content=\"CRU Hotelli\" \/>\n<meta property=\"article:publisher\" content=\"https:\/\/www.facebook.com\/Hotel-CRU-100404565031582\" \/>\n<meta property=\"article:modified_time\" content=\"2022-03-03T13:21:48+00:00\" \/>\n<meta property=\"og:image\" content=\"https:\/\/cruhotel.eu\/wp-content\/uploads\/2021\/08\/reception-Cru-hotel-Tallinn.jpg\" \/>\n<meta name=\"twitter:card\" content=\"summary_large_image\" \/>\n<meta name=\"twitter:label1\" content=\"Arvioitu lukuaika\" \/>\n\t<meta name=\"twitter:data1\" content=\"3 minuuttia\" \/>\n<script type=\"application\/ld+json\" class=\"yoast-schema-graph\">{\"@context\":\"https:\/\/schema.org\",\"@graph\":[{\"@type\":\"WebPage\",\"@id\":\"https:\/\/cruhotel.eu\/fi\/henkilotietojen-kasittelya-koskevat-ja-evasteiden-kayton-periaatteet\/\",\"url\":\"https:\/\/cruhotel.eu\/fi\/henkilotietojen-kasittelya-koskevat-ja-evasteiden-kayton-periaatteet\/\",\"name\":\"Henkil\u00f6tietojen k\u00e4sittely\u00e4 koskevat ja ev\u00e4steiden k\u00e4yt\u00f6n periaatteet - CRU Hotelli\",\"isPartOf\":{\"@id\":\"https:\/\/cruhotel.eu\/#website\"},\"primaryImageOfPage\":{\"@id\":\"https:\/\/cruhotel.eu\/fi\/henkilotietojen-kasittelya-koskevat-ja-evasteiden-kayton-periaatteet\/#primaryimage\"},\"image\":{\"@id\":\"https:\/\/cruhotel.eu\/fi\/henkilotietojen-kasittelya-koskevat-ja-evasteiden-kayton-periaatteet\/#primaryimage\"},\"thumbnailUrl\":\"https:\/\/cruhotel.eu\/wp-content\/uploads\/2021\/08\/reception-Cru-hotel-Tallinn.jpg\",\"datePublished\":\"2022-03-03T13:08:03+00:00\",\"dateModified\":\"2022-03-03T13:21:48+00:00\",\"breadcrumb\":{\"@id\":\"https:\/\/cruhotel.eu\/fi\/henkilotietojen-kasittelya-koskevat-ja-evasteiden-kayton-periaatteet\/#breadcrumb\"},\"inLanguage\":\"fi\",\"potentialAction\":[{\"@type\":\"ReadAction\",\"target\":[\"https:\/\/cruhotel.eu\/fi\/henkilotietojen-kasittelya-koskevat-ja-evasteiden-kayton-periaatteet\/\"]}]},{\"@type\":\"ImageObject\",\"inLanguage\":\"fi\",\"@id\":\"https:\/\/cruhotel.eu\/fi\/henkilotietojen-kasittelya-koskevat-ja-evasteiden-kayton-periaatteet\/#primaryimage\",\"url\":\"https:\/\/cruhotel.eu\/wp-content\/uploads\/2021\/08\/reception-Cru-hotel-Tallinn.jpg\",\"contentUrl\":\"https:\/\/cruhotel.eu\/wp-content\/uploads\/2021\/08\/reception-Cru-hotel-Tallinn.jpg\"},{\"@type\":\"BreadcrumbList\",\"@id\":\"https:\/\/cruhotel.eu\/fi\/henkilotietojen-kasittelya-koskevat-ja-evasteiden-kayton-periaatteet\/#breadcrumb\",\"itemListElement\":[{\"@type\":\"ListItem\",\"position\":1,\"name\":\"Home\",\"item\":\"https:\/\/cruhotel.eu\/fi\/\"},{\"@type\":\"ListItem\",\"position\":2,\"name\":\"Henkil\u00f6tietojen k\u00e4sittely\u00e4 koskevat ja ev\u00e4steiden k\u00e4yt\u00f6n periaatteet\"}]},{\"@type\":\"WebSite\",\"@id\":\"https:\/\/cruhotel.eu\/#website\",\"url\":\"https:\/\/cruhotel.eu\/\",\"name\":\"CRU Hotelli\",\"description\":\"J\u00e4rjekordne WordPressi veebileht\",\"potentialAction\":[{\"@type\":\"SearchAction\",\"target\":{\"@type\":\"EntryPoint\",\"urlTemplate\":\"https:\/\/cruhotel.eu\/?s={search_term_string}\"},\"query-input\":{\"@type\":\"PropertyValueSpecification\",\"valueRequired\":true,\"valueName\":\"search_term_string\"}}],\"inLanguage\":\"fi\"}]}<\/script>\n<!-- \/ Yoast SEO plugin. -->","yoast_head_json":{"title":"Henkil\u00f6tietojen k\u00e4sittely\u00e4 koskevat ja ev\u00e4steiden k\u00e4yt\u00f6n periaatteet - CRU Hotelli","robots":{"index":"index","follow":"follow","max-snippet":"max-snippet:-1","max-image-preview":"max-image-preview:large","max-video-preview":"max-video-preview:-1"},"canonical":"https:\/\/cruhotel.eu\/fi\/henkilotietojen-kasittelya-koskevat-ja-evasteiden-kayton-periaatteet\/","og_locale":"fi_FI","og_type":"article","og_title":"Henkil\u00f6tietojen k\u00e4sittely\u00e4 koskevat ja ev\u00e4steiden k\u00e4yt\u00f6n periaatteet - CRU Hotelli","og_description":"Henkil\u00f6tietojen k\u00e4sittely\u00e4 koskevat periaatteet 1.1. Henkil\u00f6tietojen k\u00e4sittely\u00e4 koskevat periaatteet ovat voimassa \u0421ru hotelli verkkosivujen K\u00e4ytt\u00e4jille. Yrityksemme k\u00e4sittelee henkil\u00f6tietojasi ainoastaan palvelujen tarjoamisen (kokoustilan, kylpyl\u00e4hoidon tai p\u00f6yd\u00e4n varaamisen tai uutiskirjeen tilaamisen) yhteydess\u00e4. Emme luovuta, myy tai julkista henkil\u00f6tietojasi kolmansille osapuolille ilman etuk\u00e4teissuostumustasi, ellei lains\u00e4\u00e4d\u00e4nt\u00f6 toisin edellyt\u00e4. TiedonkeruuKokoustilan\/kylpyl\u00e4palvelun tilauslomakkeen t\u00e4ytt\u00e4misen yhteydess\u00e4 ker\u00e4tyt tiedot. 1.2. Kokoustilan\/kylpyl\u00e4palvelun Tilaajan tilauslomakkeissa esitt\u00e4m\u00e4t [&hellip;]","og_url":"https:\/\/cruhotel.eu\/fi\/henkilotietojen-kasittelya-koskevat-ja-evasteiden-kayton-periaatteet\/","og_site_name":"CRU Hotelli","article_publisher":"https:\/\/www.facebook.com\/Hotel-CRU-100404565031582","article_modified_time":"2022-03-03T13:21:48+00:00","og_image":[{"url":"https:\/\/cruhotel.eu\/wp-content\/uploads\/2021\/08\/reception-Cru-hotel-Tallinn.jpg","type":"","width":"","height":""}],"twitter_card":"summary_large_image","twitter_misc":{"Arvioitu lukuaika":"3 minuuttia"},"schema":{"@context":"https:\/\/schema.org","@graph":[{"@type":"WebPage","@id":"https:\/\/cruhotel.eu\/fi\/henkilotietojen-kasittelya-koskevat-ja-evasteiden-kayton-periaatteet\/","url":"https:\/\/cruhotel.eu\/fi\/henkilotietojen-kasittelya-koskevat-ja-evasteiden-kayton-periaatteet\/","name":"Henkil\u00f6tietojen k\u00e4sittely\u00e4 koskevat ja ev\u00e4steiden k\u00e4yt\u00f6n periaatteet - CRU Hotelli","isPartOf":{"@id":"https:\/\/cruhotel.eu\/#website"},"primaryImageOfPage":{"@id":"https:\/\/cruhotel.eu\/fi\/henkilotietojen-kasittelya-koskevat-ja-evasteiden-kayton-periaatteet\/#primaryimage"},"image":{"@id":"https:\/\/cruhotel.eu\/fi\/henkilotietojen-kasittelya-koskevat-ja-evasteiden-kayton-periaatteet\/#primaryimage"},"thumbnailUrl":"https:\/\/cruhotel.eu\/wp-content\/uploads\/2021\/08\/reception-Cru-hotel-Tallinn.jpg","datePublished":"2022-03-03T13:08:03+00:00","dateModified":"2022-03-03T13:21:48+00:00","breadcrumb":{"@id":"https:\/\/cruhotel.eu\/fi\/henkilotietojen-kasittelya-koskevat-ja-evasteiden-kayton-periaatteet\/#breadcrumb"},"inLanguage":"fi","potentialAction":[{"@type":"ReadAction","target":["https:\/\/cruhotel.eu\/fi\/henkilotietojen-kasittelya-koskevat-ja-evasteiden-kayton-periaatteet\/"]}]},{"@type":"ImageObject","inLanguage":"fi","@id":"https:\/\/cruhotel.eu\/fi\/henkilotietojen-kasittelya-koskevat-ja-evasteiden-kayton-periaatteet\/#primaryimage","url":"https:\/\/cruhotel.eu\/wp-content\/uploads\/2021\/08\/reception-Cru-hotel-Tallinn.jpg","contentUrl":"https:\/\/cruhotel.eu\/wp-content\/uploads\/2021\/08\/reception-Cru-hotel-Tallinn.jpg"},{"@type":"BreadcrumbList","@id":"https:\/\/cruhotel.eu\/fi\/henkilotietojen-kasittelya-koskevat-ja-evasteiden-kayton-periaatteet\/#breadcrumb","itemListElement":[{"@type":"ListItem","position":1,"name":"Home","item":"https:\/\/cruhotel.eu\/fi\/"},{"@type":"ListItem","position":2,"name":"Henkil\u00f6tietojen k\u00e4sittely\u00e4 koskevat ja ev\u00e4steiden k\u00e4yt\u00f6n periaatteet"}]},{"@type":"WebSite","@id":"https:\/\/cruhotel.eu\/#website","url":"https:\/\/cruhotel.eu\/","name":"CRU Hotelli","description":"J\u00e4rjekordne WordPressi veebileht","potentialAction":[{"@type":"SearchAction","target":{"@type":"EntryPoint","urlTemplate":"https:\/\/cruhotel.eu\/?s={search_term_string}"},"query-input":{"@type":"PropertyValueSpecification","valueRequired":true,"valueName":"search_term_string"}}],"inLanguage":"fi"}]}},"_links":{"self":[{"href":"https:\/\/cruhotel.eu\/fi\/wp-json\/wp\/v2\/pages\/959","targetHints":{"allow":["GET"]}}],"collection":[{"href":"https:\/\/cruhotel.eu\/fi\/wp-json\/wp\/v2\/pages"}],"about":[{"href":"https:\/\/cruhotel.eu\/fi\/wp-json\/wp\/v2\/types\/page"}],"author":[{"embeddable":true,"href":"https:\/\/cruhotel.eu\/fi\/wp-json\/wp\/v2\/users\/2"}],"replies":[{"embeddable":true,"href":"https:\/\/cruhotel.eu\/fi\/wp-json\/wp\/v2\/comments?post=959"}],"version-history":[{"count":1,"href":"https:\/\/cruhotel.eu\/fi\/wp-json\/wp\/v2\/pages\/959\/revisions"}],"predecessor-version":[{"id":966,"href":"https:\/\/cruhotel.eu\/fi\/wp-json\/wp\/v2\/pages\/959\/revisions\/966"}],"wp:attachment":[{"href":"https:\/\/cruhotel.eu\/fi\/wp-json\/wp\/v2\/media?parent=959"}],"curies":[{"name":"wp","href":"https:\/\/api.w.org\/{rel}","templated":true}]}}